{"id":1056,"date":"2017-03-31T08:05:41","date_gmt":"2017-03-31T06:05:41","guid":{"rendered":"https:\/\/videoparking.barcelona\/glosari\/"},"modified":"2017-03-31T08:05:41","modified_gmt":"2017-03-31T06:05:41","slug":"glosari","status":"publish","type":"page","link":"https:\/\/videoparking.barcelona\/ca\/glosari\/","title":{"rendered":"Glosari"},"content":{"rendered":"<p><strong>App obrir porta garatge:<\/strong> Obrir les portes del garatge comunitari amb el teu Smartphone permet acabar amb el descontrol de comandaments i Claus, millorant la seguretat de la teva comunitat de ve\u00efns de forma c\u00f2mode. Descobreix com <a title=\"Obrir la porta del garatge amb el m\u00f2bil\" href=\"https:\/\/videoparking.barcelona\/control-de-accesos-garaje\/app-abrir-puerta-garaje-segurphone\/\" target=\"_blank\" rel=\"noopener\">aqu\u00ed<\/a><\/p>\n<p><strong>App obrir porta garatge:<\/strong> Obrir les portes del garatge comunitari amb el teu Tel\u00e8fon intel\u00b7ligent permet acabar amb el descontrol de comandaments i claus, millorant la seguretat de la teva comunitat de ve\u00efns, de manera c\u00f2moda.<\/p>\n<p><strong>App SEGURPHONE<\/strong>: Ara pots tenir el comandament del garatge al teu m\u00f2bil. SEGURPHONE \u00e9s l\u2019app gratu\u00efta que et permet obrir les portes autom\u00e0tiques i de vianants del garatge amb el teu m\u00f2bil. A m\u00e9s, \u00e9s l\u2019\u00fanica app compatible amb comandaments MIO. Disponible a iOS i ANDROID.<\/p>\n<p><strong>C\u00e0meres de seguretat per a garatges (producte):<\/strong> Les c\u00e0meres de videovigil\u00e0ncia s\u00f3n la millor soluci\u00f3 enfront a actes vand\u00e0lics a comunitats de ve\u00efns. A VIDEOPARKING instal\u00b7lem c\u00e0meres de seguretat d\u2019alta definici\u00f3, requisit b\u00e0sic i indispensable per a disposar de gravacions amb bona resoluci\u00f3.<\/p>\n<p><strong>Control d\u2019accessos per a garatges:<\/strong> Per a garantir una seguretat \u00f2ptima al teu garatge comunitari \u00e9s fonamental controlar qui accedeix, quan i com ho fa. A VIDEOPARKING treballem amb el sistema ACCESS SEGURparking, que permet la gesti\u00f3 remota, a trav\u00e9s d\u2019internet, dels comandaments de seguretat MIO i l&#8217;app SEGURphone.<\/p>\n<p><strong>Detector d\u2019intrusos a garatges:<\/strong> Els detectors d\u2019intrusos impedeixen que alg\u00fa es coli al garatge aprofitant el pas d\u2019un vehicle autoritzat. Per a aix\u00f2 \u00e9s essencial utilitzar un quadre de maniobres amb tancament al pas (la porta es tanca immediatament despr\u00e9s del pas del vehicle, com una barrera d\u2019autopista) i activar l\u2019avisador d\u2019intrusi\u00f3 SEGURdoor, que disparar\u00e0 un senyal d\u2019alarma quan un intr\u00fas intenti accedir al garatge.<\/p>\n<p><strong>Integraci\u00f3 VIDEO-ALERTA:<\/strong> A un garatge on hi hagin c\u00e0meres de seguretat i l\u2019avisador d\u2019intrusos SEGURdoor, l\u2019integraci\u00f3 VIDEO-ALERTA permet emmagatzemar a una carpeta del videogravador tots els intents d\u2019intrusi\u00f3, facilitant aix\u00ed el posterior visionat i an\u00e0lisi de les imatges.<\/p>\n<p><strong>Integraci\u00f3 VIDEO-CODE:<\/strong> La integraci\u00f3 VIDEO-CODE permet sobreimprimir, en temps real, el codi del comandament o del m\u00f2bil utilitzat per a entrar, sobre l\u2019arxiu de v\u00eddeo que estiguin gravant les <strong>c\u00e0meres de seguretat.<\/strong> Aix\u00f2 facilita enormement la identificaci\u00f3 d\u2019un individu que oculta el seu rostre amb un casc o un passamuntanyes.<\/p>\n<p><strong>Comandaments MIO:<\/strong> Els comandaments MIO s\u00f3n comandaments personalitzats, incopiables i gestionats per internet. Permeten acabar de manera definitiva amb el descontrol i la inseguretat que suposen els comandaments convencionals.<\/p>\n<p><strong>Robatori de vehicles a comunitats de ve\u00efns:<\/strong> els garatges comunitaris solen registrar una alta aflu\u00e8ncia de cotxes i persones al llarg del dia. En ocasions, la relaxaci\u00f3 d\u2019alguns d\u2019aquests usuaris pot fer que es colin intrusos al garatge. A VIDEOparking comptem amb diferents solucions per a evitar aquest problema.<\/p>\n<p><strong>Seguretat per a comunitats de ve\u00efns: <\/strong> les comunitats de ve\u00efns tendeixen a ser cada cop m\u00e9s grans i amb una major rotaci\u00f3 de ve\u00efns (pisos llogats, etc.). Aix\u00f2 fa que als intrusos els hi resulti m\u00e9s f\u00e0cil accedir a elles i passar desapercebuts. Aquest problema pot augmentar al garatge, una de les zones m\u00e9s vulnerables a una comunitat de ve\u00efns.<\/p>\n<p><strong>Seguretat per a garatges:<\/strong> A VIDEOPARKING som experts en sistemes de seguretat per a garatges: videovigil\u00e0ncia, control d\u2019accessos i detectors d\u2019intrusi\u00f3. Els nostres sistemes eviten robatoris i actes delictius a garatges comunitaris, a la vegada que optimitzen les prestacions de les seves c\u00e0meres de videovigil\u00e0ncia.<\/p>\n<p><strong>VIDEOPARKING integraci\u00f3:<\/strong> Permet la seguretat TOTAL per a garatges comunitaris, a l\u2019unificar videovigil\u00e0ncia, control d\u2019accessos i avisador d\u2019intrusi\u00f3.<\/p>\n<p><strong>Videovigil\u00e0ncia per a comunitats de ve\u00efns:<\/strong> les c\u00e0meres de seguretat s\u00f3n el sistema dissuasori per excel\u00b7l\u00e8ncia, la soluci\u00f3 perfecta enfront de robatoris i actes vand\u00e0lics.<\/p>\n<p><strong>Videovigil\u00e0ncia per a garatges:<\/strong> Les c\u00e0meres de videovigil\u00e0ncia s\u00f3n el sistema dissuasiu de robatoris i actes vand\u00e0lics per excel\u00b7l\u00e8ncia. Consulti les nostres opcions de videovigil\u00e0ncia per a comunitats de ve\u00efns des d\u20191\u20ac al mes per ve\u00ed. Consulti les nostres opcions de videovigil\u00e0ncia per a comunitats de ve\u00efns des de 1\u20ac al mes per ve\u00ed.<\/p>\n","protected":false},"excerpt":{"rendered":"<p>App obrir porta garatge: Obrir les portes del garatge comunitari amb el teu Smartphone permet acabar amb el descontrol de comandaments i Claus, millorant la seguretat de la teva comunitat de ve\u00efns de forma c\u00f2mode. Descobreix com aqu\u00ed App obrir porta garatge: Obrir les portes del garatge comunitari amb el teu Tel\u00e8fon intel\u00b7ligent permet acabar amb el descontrol de comandaments i claus, millorant la seguretat de la teva comunitat de ve\u00efns, de manera c\u00f2moda. App SEGURPHONE: Ara pots tenir el comandament del garatge al teu m\u00f2bil. SEGURPHONE \u00e9s l\u2019app gratu\u00efta que et permet obrir les portes autom\u00e0tiques i de vianants del garatge amb el teu m\u00f2bil. A m\u00e9s, \u00e9s l\u2019\u00fanica app compatible amb comandaments MIO. Disponible a iOS i ANDROID. C\u00e0meres de seguretat per a garatges (producte): Les c\u00e0meres de videovigil\u00e0ncia s\u00f3n la millor soluci\u00f3 enfront a actes vand\u00e0lics a comunitats de ve\u00efns. A VIDEOPARKING instal\u00b7lem c\u00e0meres de seguretat d\u2019alta definici\u00f3, requisit b\u00e0sic i indispensable per a disposar de gravacions amb bona resoluci\u00f3. Control d\u2019accessos per a garatges: Per a garantir una seguretat \u00f2ptima al teu garatge comunitari \u00e9s fonamental controlar qui accedeix, quan i com ho fa. A VIDEOPARKING treballem amb el sistema ACCESS SEGURparking, que permet la gesti\u00f3 [&hellip;]<\/p>\n","protected":false},"author":1,"featured_media":0,"parent":0,"menu_order":0,"comment_status":"closed","ping_status":"closed","template":"","meta":[],"aioseo_notices":[],"_links":{"self":[{"href":"https:\/\/videoparking.barcelona\/ca\/wp-json\/wp\/v2\/pages\/1056"}],"collection":[{"href":"https:\/\/videoparking.barcelona\/ca\/wp-json\/wp\/v2\/pages"}],"about":[{"href":"https:\/\/videoparking.barcelona\/ca\/wp-json\/wp\/v2\/types\/page"}],"author":[{"embeddable":true,"href":"https:\/\/videoparking.barcelona\/ca\/wp-json\/wp\/v2\/users\/1"}],"replies":[{"embeddable":true,"href":"https:\/\/videoparking.barcelona\/ca\/wp-json\/wp\/v2\/comments?post=1056"}],"version-history":[{"count":0,"href":"https:\/\/videoparking.barcelona\/ca\/wp-json\/wp\/v2\/pages\/1056\/revisions"}],"wp:attachment":[{"href":"https:\/\/videoparking.barcelona\/ca\/wp-json\/wp\/v2\/media?parent=1056"}],"curies":[{"name":"wp","href":"https:\/\/api.w.org\/{rel}","templated":true}]}}