{"id":1058,"date":"2022-05-18T13:44:38","date_gmt":"2022-05-18T11:44:38","guid":{"rendered":"https:\/\/videoparking.barcelona\/politica-de-privacitat\/"},"modified":"2024-07-22T11:45:44","modified_gmt":"2024-07-22T09:45:44","slug":"politica-de-privacitat","status":"publish","type":"page","link":"https:\/\/videoparking.barcelona\/ca\/politica-de-privacitat\/","title":{"rendered":"Pol\u00edtica de privacitat"},"content":{"rendered":"<h1>Pol\u00edtica de privacitat<\/h1>\n<h3><strong>Responsable<\/strong><\/h3>\n<p>El Responsable del tractament de les dades recaptades per mitj\u00e0 d&#8217;aquest Lloc web \u00e9s:<\/p>\n<ul>\n<li>Segurparking, S.L (d&#8217;ara endavant, \u201cVIDEOPARKING\u201d)<\/li>\n<li>C\/Arag\u00f3 355 &#8211; 08009 &#8211; Barcelona<\/li>\n<li>info@videoparking.barcelona<\/li>\n<\/ul>\n<h3><strong>Finalitat<\/strong><\/h3>\n<p>Les dades personals de l&#8217;Usuari d&#8217;aquest Lloc web es tractaran per a atendre les sol\u00b7licituds d&#8217;informaci\u00f3 i\/o consultes efectuades per l&#8217;Usuari, entre les quals tindr\u00e0 la possibilitat de sol\u00b7licitar informaci\u00f3 sobre preus. Les dades tractades amb aquesta finalitat es conservaran fins a haver donat resposta a la sol\u00b7licitud d&#8217;informaci\u00f3 i\/o consulta i, despr\u00e9s d&#8217;aix\u00f2, durant els terminis de conservaci\u00f3 i de prescripci\u00f3 de responsabilitats legalment previstos. La base jur\u00eddica del tractament \u00e9s l&#8217;inter\u00e8s leg\u00edtim de V\u00eddeo p\u00e0rquing a donar resposta a la sol\u00b7licitud d&#8217;informaci\u00f3 i\/o consulta.<\/p>\n<h3><strong>Destinataris<\/strong><\/h3>\n<p>Les dades podran comunicar-se als seg\u00fcents destinataris tercers: Administracions P\u00fabliques per al compliment d&#8217;obligacions legals. Tamb\u00e9 podran comunicar-se a les seg\u00fcents categories d&#8217;encarregats: Prove\u00efdors de comunicacions electr\u00f2niques, ofim\u00e0tica, hosting, housing, manteniment inform\u00e0tic, gestoria, comptabilitat, auditoria, assessoria i representaci\u00f3 legal. Aquests encarregats poden estar situats fora de l&#8217;Espai Econ\u00f2mic Europeu, i en aquest cas V\u00eddeo p\u00e0rquing haur\u00e0 adoptat pr\u00e8viament les garanties adequades.<\/p>\n<h3><strong>Drets<\/strong><\/h3>\n<p>L&#8217;Usuari pot exercir davant VIDEOPARKING els seus drets d&#8217;acc\u00e9s, rectificaci\u00f3, supressi\u00f3, limitaci\u00f3 del tractament, portabilitat de les dades i oposici\u00f3.<\/p>\n<p>Per a l&#8217;exercici de tals drets l&#8217;usuari pot enviar la seva sol\u00b7licitud a VIDEOPARKING, C\/Arag\u00f3, 355 &#8211; 08009 &#8211; Barcelona, o a l&#8217;adre\u00e7a de correu electr\u00f2nic info@videoparking.barcelona.<\/p>\n<p>En tot cas, l&#8217;Usuari t\u00e9 dret a presentar una reclamaci\u00f3 davant la corresponent autoritat de control si ho estima oport\u00fa.<\/p>\n","protected":false},"excerpt":{"rendered":"<p>Pol\u00edtica de privacitat Responsable El Responsable del tractament de les dades recaptades per mitj\u00e0 d&#8217;aquest Lloc web \u00e9s: Segurparking, S.L (d&#8217;ara endavant, \u201cVIDEOPARKING\u201d) C\/Arag\u00f3 355 &#8211; 08009 &#8211; Barcelona info@videoparking.barcelona Finalitat Les dades personals de l&#8217;Usuari d&#8217;aquest Lloc web es tractaran per a atendre les sol\u00b7licituds d&#8217;informaci\u00f3 i\/o consultes efectuades per l&#8217;Usuari, entre les quals tindr\u00e0 la possibilitat de sol\u00b7licitar informaci\u00f3 sobre preus. Les dades tractades amb aquesta finalitat es conservaran fins a haver donat resposta a la sol\u00b7licitud d&#8217;informaci\u00f3 i\/o consulta i, despr\u00e9s d&#8217;aix\u00f2, durant els terminis de conservaci\u00f3 i de prescripci\u00f3 de responsabilitats legalment previstos. La base jur\u00eddica del tractament \u00e9s l&#8217;inter\u00e8s leg\u00edtim de V\u00eddeo p\u00e0rquing a donar resposta a la sol\u00b7licitud d&#8217;informaci\u00f3 i\/o consulta. Destinataris Les dades podran comunicar-se als seg\u00fcents destinataris tercers: Administracions P\u00fabliques per al compliment d&#8217;obligacions legals. Tamb\u00e9 podran comunicar-se a les seg\u00fcents categories d&#8217;encarregats: Prove\u00efdors de comunicacions electr\u00f2niques, ofim\u00e0tica, hosting, housing, manteniment inform\u00e0tic, gestoria, comptabilitat, auditoria, assessoria i representaci\u00f3 legal. Aquests encarregats poden estar situats fora de l&#8217;Espai Econ\u00f2mic Europeu, i en aquest cas V\u00eddeo p\u00e0rquing haur\u00e0 adoptat pr\u00e8viament les garanties adequades. Drets L&#8217;Usuari pot exercir davant VIDEOPARKING els seus drets d&#8217;acc\u00e9s, rectificaci\u00f3, supressi\u00f3, limitaci\u00f3 del tractament, portabilitat de les dades i oposici\u00f3. [&hellip;]<\/p>\n","protected":false},"author":1,"featured_media":0,"parent":0,"menu_order":0,"comment_status":"closed","ping_status":"closed","template":"","meta":[],"aioseo_notices":[],"_links":{"self":[{"href":"https:\/\/videoparking.barcelona\/ca\/wp-json\/wp\/v2\/pages\/1058"}],"collection":[{"href":"https:\/\/videoparking.barcelona\/ca\/wp-json\/wp\/v2\/pages"}],"about":[{"href":"https:\/\/videoparking.barcelona\/ca\/wp-json\/wp\/v2\/types\/page"}],"author":[{"embeddable":true,"href":"https:\/\/videoparking.barcelona\/ca\/wp-json\/wp\/v2\/users\/1"}],"replies":[{"embeddable":true,"href":"https:\/\/videoparking.barcelona\/ca\/wp-json\/wp\/v2\/comments?post=1058"}],"version-history":[{"count":1,"href":"https:\/\/videoparking.barcelona\/ca\/wp-json\/wp\/v2\/pages\/1058\/revisions"}],"predecessor-version":[{"id":1195,"href":"https:\/\/videoparking.barcelona\/ca\/wp-json\/wp\/v2\/pages\/1058\/revisions\/1195"}],"wp:attachment":[{"href":"https:\/\/videoparking.barcelona\/ca\/wp-json\/wp\/v2\/media?parent=1058"}],"curies":[{"name":"wp","href":"https:\/\/api.w.org\/{rel}","templated":true}]}}