{"id":1065,"date":"2016-04-18T14:24:16","date_gmt":"2016-04-18T12:24:16","guid":{"rendered":"https:\/\/videoparking.barcelona\/home\/"},"modified":"2024-07-21T09:10:28","modified_gmt":"2024-07-21T07:10:28","slug":"home","status":"publish","type":"page","link":"https:\/\/videoparking.barcelona\/ca\/","title":{"rendered":"Home"},"content":{"rendered":"<p>[vc_row type=&#8221;full_width_section&#8221; bg_color=&#8221;#0174c5&#8243; bottom_padding=&#8221;0&#8243;][vc_column width=&#8221;1\/1&#8243;][rev_slider_vc alias=&#8221;home_cat&#8221;][\/vc_column][\/vc_row][vc_row bg_color=&#8221;#0174c5&#8243; section_arrow=&#8221;false&#8221; text_color=&#8221;light&#8221; text_align=&#8221;center&#8221; top_padding=&#8221;10&#8243; bottom_padding=&#8221;10&#8243;][vc_column width=&#8221;1\/1&#8243;][vc_column_text]<\/p>\n<h1>Descobreix VIDEOparking INTEGRACI\u00d3<\/h1>\n<p>[\/vc_column_text][\/vc_column][\/vc_row][vc_row bg_color=&#8221;#f5f6f8&#8243; top_padding=&#8221;25&#8243;][vc_column width=&#8221;1\/6&#8243;][\/vc_column][vc_column width=&#8221;2\/3&#8243;]<div class=\"video-embed  wpb_content_element\"><iframe title=\"VIDEOPARKING - Videovigilancia y control de accesos para comunidades de vecinos en Barcelona\" width=\"1161\" height=\"653\" src=\"https:\/\/www.youtube.com\/embed\/Ke1TPOM9cZg?feature=oembed\" frameborder=\"0\" allow=\"accelerometer; autoplay; clipboard-write; encrypted-media; gyroscope; picture-in-picture; web-share\" referrerpolicy=\"strict-origin-when-cross-origin\" allowfullscreen><\/iframe><\/div>[\/vc_column][vc_column width=&#8221;1\/6&#8243;][\/vc_column][\/vc_row][vc_row top_padding=&#8221;0&#8243; bottom_padding=&#8221;0&#8243;][vc_column column_padding=&#8221;padding-5&#8243; column_center=&#8221;true&#8221; width=&#8221;1\/2&#8243;][vc_column_text el_class=&#8221;caja_home&#8221;]<\/p>\n<h2><strong>Videovigil\u00e0ncia<\/strong><\/h2>\n<h4>La seguretat m\u00e9s completa enfront de robatoris de vehicles i actes vand\u00e0lics<\/h4>\n<ul>\n<li style=\"list-style-type: none;\">\n<ul>\n<li>Videovigil\u00e0ncia di\u00e0ria.<\/li>\n<li>Alta qualitat d\u2019imatges i gravaci\u00f3.<\/li>\n<li>Cust\u00f2dia i an\u00e0lisi d\u2019imatges<\/li>\n<li>Protecci\u00f3 accessos autom\u00e0tics, per a vianants, zones de trasters&#8230;<\/li>\n<li>Manteniment TOT INCL\u00d2S.<\/li>\n<\/ul>\n<\/li>\n<\/ul>\n<p><a title=\"Videovigil\u00e0ncia\" href=\"https:\/\/videoparking.barcelona\/ca\/videovigilancia\/\">M\u00e9s info&#8230;<\/a>[\/vc_column_text][\/vc_column][vc_column width=&#8221;1\/2&#8243;]<div class=\"single_image wpb_content_element align-center  animate   \" data-animation=\"fade-in-from-right\" data-delay=\"0\"><img width=\"576\" height=\"392\" src=\"https:\/\/videoparking.barcelona\/wp-content\/uploads\/2016\/04\/camara_videovigilancia_logo.png\" class=\"attachment-full\" alt=\"\" loading=\"lazy\" title=\"camara_videovigilancia_logo\" srcset=\"https:\/\/videoparking.barcelona\/wp-content\/uploads\/2016\/04\/camara_videovigilancia_logo.png 576w, https:\/\/videoparking.barcelona\/wp-content\/uploads\/2016\/04\/camara_videovigilancia_logo-300x204.png 300w\" sizes=\"(max-width: 576px) 100vw, 576px\" \/><\/div><div class=\"spacer\" style=\"height: 20px;\"><\/div>[\/vc_column][\/vc_row][vc_row type=&#8221;full_width_section&#8221; bg_color=&#8221;#f5f6f8&#8243; top_padding=&#8221;0&#8243; bottom_padding=&#8221;0&#8243;][vc_column el_class=&#8221;fullwidthimages&#8221; width=&#8221;1\/2&#8243;]<div class=\"single_image wpb_content_element align-left  animate   \" data-animation=\"fade-in-from-left\" data-delay=\"0\"><img width=\"885\" height=\"781\" src=\"https:\/\/videoparking.barcelona\/wp-content\/uploads\/2016\/04\/detector_intrusos.png\" class=\"attachment-full\" alt=\"\" loading=\"lazy\" title=\"detector_intrusos\" srcset=\"https:\/\/videoparking.barcelona\/wp-content\/uploads\/2016\/04\/detector_intrusos.png 885w, https:\/\/videoparking.barcelona\/wp-content\/uploads\/2016\/04\/detector_intrusos-300x265.png 300w, https:\/\/videoparking.barcelona\/wp-content\/uploads\/2016\/04\/detector_intrusos-768x678.png 768w\" sizes=\"(max-width: 885px) 100vw, 885px\" \/><\/div>[\/vc_column][vc_column column_padding=&#8221;padding-5&#8243; column_center=&#8221;true&#8221; width=&#8221;1\/2&#8243;][vc_column_text el_class=&#8221;caja_home&#8221;]<\/p>\n<h2>Detecci\u00f3 d\u2019intrusos<\/h2>\n<h4>Evita que se\u2019t colin en el teu garatge per la porta autom\u00e0tica amb SEGURdoor<\/h4>\n<ul>\n<li>Tancament al pas per a portes autom\u00e0tiques.<\/li>\n<li><strong>Avisador d\u2019intrusi\u00f3.<\/strong><\/li>\n<\/ul>\n<p><a title=\"Detector d\u2019intrusos\" href=\"https:\/\/videoparking.barcelona\/ca\/detector-dintrusos\/\">M\u00e9s info&#8230;<\/a>[\/vc_column_text][\/vc_column][\/vc_row][vc_row top_padding=&#8221;0&#8243; bottom_padding=&#8221;0&#8243;][vc_column column_padding=&#8221;padding-5&#8243; column_center=&#8221;true&#8221; width=&#8221;1\/2&#8243;][vc_column_text el_class=&#8221;caja_home&#8221;]<\/p>\n<h2><strong>Control d\u2019accessos<\/strong><\/h2>\n<h4>Acaba amb el descontrol de comandaments i claus en el teu garatge comunitari<\/h4>\n<ul>\n<li>Amb el teu comandament personalitzat MIO i\/o amb el teu <strong>smartphone<\/strong>, tu decideixes.<\/li>\n<li>Incopiable.<\/li>\n<li>Gesti\u00f3 remota: sense despla\u00e7ar t\u00e8cnics.<\/li>\n<li>Limitaci\u00f3 de dispositius per pla\u00e7a.<\/li>\n<li>Per a portes de vehicles i per a vianants<\/li>\n<\/ul>\n<p><a title=\"Control d\u2019accessos\" href=\"https:\/\/videoparking.barcelona\/ca\/control-daccessos\/\">M\u00e9s info&#8230;<\/a>[\/vc_column_text][\/vc_column][vc_column el_class=&#8221;fullwidthimages&#8221; width=&#8221;1\/2&#8243;]<div class=\"single_image wpb_content_element align-left  animate   \" data-animation=\"fade-in\" data-delay=\"0\"><img width=\"560\" height=\"560\" src=\"https:\/\/videoparking.barcelona\/wp-content\/uploads\/2016\/04\/control_accesos.png\" class=\"attachment-full\" alt=\"\" loading=\"lazy\" title=\"control_accesos\" srcset=\"https:\/\/videoparking.barcelona\/wp-content\/uploads\/2016\/04\/control_accesos.png 560w, https:\/\/videoparking.barcelona\/wp-content\/uploads\/2016\/04\/control_accesos-150x150.png 150w, https:\/\/videoparking.barcelona\/wp-content\/uploads\/2016\/04\/control_accesos-300x300.png 300w, https:\/\/videoparking.barcelona\/wp-content\/uploads\/2016\/04\/control_accesos-80x80.png 80w, https:\/\/videoparking.barcelona\/wp-content\/uploads\/2016\/04\/control_accesos-500x500.png 500w\" sizes=\"(max-width: 560px) 100vw, 560px\" \/><\/div>[\/vc_column][\/vc_row][vc_row type=&#8221;full_width_section&#8221; bg_color=&#8221;#0174c5&#8243; text_color=&#8221;light&#8221; text_align=&#8221;center&#8221; top_padding=&#8221;10&#8243; bottom_padding=&#8221;10&#8243;][vc_column width=&#8221;1\/1&#8243;][vc_column_text el_id=&#8221;v-integra&#8221;]<\/p>\n<h3 style=\"text-align: center;\">Descobreix la seguretat m\u00e9s completa amb <a title=\"VIDEOparking Integraci\u00f3\" href=\"https:\/\/videoparking.barcelona\/ca\/videoparking-integracio\/\">VIDEOparking INTEGRACI\u00d3<\/a><\/h3>\n<p>[\/vc_column_text][\/vc_column][\/vc_row]<\/p>\n","protected":false},"excerpt":{"rendered":"<p>[vc_row type=&#8221;full_width_section&#8221; bg_color=&#8221;#0174c5&#8243; bottom_padding=&#8221;0&#8243;][vc_column width=&#8221;1\/1&#8243;][rev_slider_vc alias=&#8221;home_cat&#8221;][\/vc_column][\/vc_row][vc_row bg_color=&#8221;#0174c5&#8243; section_arrow=&#8221;false&#8221; text_color=&#8221;light&#8221; text_align=&#8221;center&#8221; top_padding=&#8221;10&#8243; bottom_padding=&#8221;10&#8243;][vc_column width=&#8221;1\/1&#8243;][vc_column_text] Descobreix VIDEOparking INTEGRACI\u00d3 [\/vc_column_text][\/vc_column][\/vc_row][vc_row bg_color=&#8221;#f5f6f8&#8243; top_padding=&#8221;25&#8243;][vc_column width=&#8221;1\/6&#8243;][\/vc_column][vc_column width=&#8221;2\/3&#8243;][\/vc_column][vc_column width=&#8221;1\/6&#8243;][\/vc_column][\/vc_row][vc_row top_padding=&#8221;0&#8243; bottom_padding=&#8221;0&#8243;][vc_column column_padding=&#8221;padding-5&#8243; column_center=&#8221;true&#8221; width=&#8221;1\/2&#8243;][vc_column_text el_class=&#8221;caja_home&#8221;] Videovigil\u00e0ncia La seguretat m\u00e9s completa enfront de robatoris de vehicles i actes vand\u00e0lics Videovigil\u00e0ncia di\u00e0ria. Alta qualitat d\u2019imatges i gravaci\u00f3. Cust\u00f2dia i an\u00e0lisi d\u2019imatges Protecci\u00f3 accessos autom\u00e0tics, per a vianants, zones de trasters&#8230; Manteniment TOT INCL\u00d2S. M\u00e9s info&#8230;[\/vc_column_text][\/vc_column][vc_column width=&#8221;1\/2&#8243;][\/vc_column][\/vc_row][vc_row type=&#8221;full_width_section&#8221; bg_color=&#8221;#f5f6f8&#8243; top_padding=&#8221;0&#8243; bottom_padding=&#8221;0&#8243;][vc_column el_class=&#8221;fullwidthimages&#8221; width=&#8221;1\/2&#8243;][\/vc_column][vc_column column_padding=&#8221;padding-5&#8243; column_center=&#8221;true&#8221; width=&#8221;1\/2&#8243;][vc_column_text el_class=&#8221;caja_home&#8221;] Detecci\u00f3 d\u2019intrusos Evita que se\u2019t colin en el teu garatge per la porta autom\u00e0tica amb SEGURdoor Tancament al pas per a portes autom\u00e0tiques. Avisador d\u2019intrusi\u00f3. M\u00e9s info&#8230;[\/vc_column_text][\/vc_column][\/vc_row][vc_row top_padding=&#8221;0&#8243; bottom_padding=&#8221;0&#8243;][vc_column column_padding=&#8221;padding-5&#8243; column_center=&#8221;true&#8221; width=&#8221;1\/2&#8243;][vc_column_text el_class=&#8221;caja_home&#8221;] Control d\u2019accessos Acaba amb el descontrol de comandaments i claus en el teu garatge comunitari Amb el teu comandament personalitzat MIO i\/o amb el teu smartphone, tu decideixes. Incopiable. Gesti\u00f3 remota: sense despla\u00e7ar t\u00e8cnics. Limitaci\u00f3 de dispositius per pla\u00e7a. Per a portes de vehicles i per a vianants M\u00e9s info&#8230;[\/vc_column_text][\/vc_column][vc_column el_class=&#8221;fullwidthimages&#8221; width=&#8221;1\/2&#8243;][\/vc_column][\/vc_row][vc_row type=&#8221;full_width_section&#8221; bg_color=&#8221;#0174c5&#8243; text_color=&#8221;light&#8221; text_align=&#8221;center&#8221; top_padding=&#8221;10&#8243; bottom_padding=&#8221;10&#8243;][vc_column width=&#8221;1\/1&#8243;][vc_column_text el_id=&#8221;v-integra&#8221;] Descobreix la seguretat m\u00e9s completa amb VIDEOparking INTEGRACI\u00d3 [\/vc_column_text][\/vc_column][\/vc_row]<\/p>\n","protected":false},"author":1,"featured_media":952,"parent":0,"menu_order":1,"comment_status":"closed","ping_status":"closed","template":"","meta":[],"aioseo_notices":[],"_links":{"self":[{"href":"https:\/\/videoparking.barcelona\/ca\/wp-json\/wp\/v2\/pages\/1065"}],"collection":[{"href":"https:\/\/videoparking.barcelona\/ca\/wp-json\/wp\/v2\/pages"}],"about":[{"href":"https:\/\/videoparking.barcelona\/ca\/wp-json\/wp\/v2\/types\/page"}],"author":[{"embeddable":true,"href":"https:\/\/videoparking.barcelona\/ca\/wp-json\/wp\/v2\/users\/1"}],"replies":[{"embeddable":true,"href":"https:\/\/videoparking.barcelona\/ca\/wp-json\/wp\/v2\/comments?post=1065"}],"version-history":[{"count":13,"href":"https:\/\/videoparking.barcelona\/ca\/wp-json\/wp\/v2\/pages\/1065\/revisions"}],"predecessor-version":[{"id":1136,"href":"https:\/\/videoparking.barcelona\/ca\/wp-json\/wp\/v2\/pages\/1065\/revisions\/1136"}],"wp:featuredmedia":[{"embeddable":true,"href":"https:\/\/videoparking.barcelona\/ca\/wp-json\/wp\/v2\/media\/952"}],"wp:attachment":[{"href":"https:\/\/videoparking.barcelona\/ca\/wp-json\/wp\/v2\/media?parent=1065"}],"curies":[{"name":"wp","href":"https:\/\/api.w.org\/{rel}","templated":true}]}}