{"id":1072,"date":"2016-04-19T14:06:08","date_gmt":"2016-04-19T12:06:08","guid":{"rendered":"https:\/\/videoparking.barcelona\/videovigilancia\/"},"modified":"2024-07-21T09:12:59","modified_gmt":"2024-07-21T07:12:59","slug":"videovigilancia","status":"publish","type":"page","link":"https:\/\/videoparking.barcelona\/ca\/videovigilancia\/","title":{"rendered":"Videovigil\u00e0ncia"},"content":{"rendered":"<p>[vc_row bg_color=&#8221;#f5f6f8&#8243; top_padding=&#8221;40&#8243; bottom_padding=&#8221;40&#8243;][vc_column column_padding=&#8221;padding-3&#8243; column_center=&#8221;true&#8221; width=&#8221;1\/2&#8243;][vc_column_text]<\/p>\n<h1>Videovigil\u00e0ncia<\/h1>\n<h3><span style=\"color: #000000;\"><strong>per a comunitats de ve\u00efns<\/strong><\/span><\/h3>\n<p>La soluci\u00f3 enfront de robatoris de vehicles i actes vand\u00e0lics.[\/vc_column_text][vc_column_text el_class=&#8221;video_vigilancia_desde_precio&#8221;]<\/p>\n<h2>Des d\u20191\u20ac al mes per ve\u00ed.<\/h2>\n<p>[\/vc_column_text][\/vc_column][vc_column width=&#8221;1\/2&#8243;]<div class=\"single_image wpb_content_element align-center  animate  image_zoom \" data-animation=\"fade-in-from-right\" data-delay=\"0\"><img width=\"576\" height=\"392\" src=\"https:\/\/videoparking.barcelona\/wp-content\/uploads\/2016\/04\/camara_videovigilancia_logo.png\" class=\"attachment-full\" alt=\"\" loading=\"lazy\" title=\"camara_videovigilancia_logo\" srcset=\"https:\/\/videoparking.barcelona\/wp-content\/uploads\/2016\/04\/camara_videovigilancia_logo.png 576w, https:\/\/videoparking.barcelona\/wp-content\/uploads\/2016\/04\/camara_videovigilancia_logo-300x204.png 300w\" sizes=\"(max-width: 576px) 100vw, 576px\" \/><\/div>[\/vc_column][\/vc_row][vc_row type=&#8221;full_width_section&#8221; bg_color=&#8221;#0174c5&#8243; text_color=&#8221;light&#8221; text_align=&#8221;center&#8221; top_padding=&#8221;10&#8243; bottom_padding=&#8221;10&#8243;][vc_column width=&#8221;1\/1&#8243;][vc_column_text]<\/p>\n<h1>El sistema dissuasori per excel\u00b7l\u00e8ncia<\/h1>\n<p>[\/vc_column_text][\/vc_column][\/vc_row][vc_row bg_color=&#8221;#ffffff&#8221; top_padding=&#8221;40&#8243; bottom_padding=&#8221;40&#8243;][vc_column column_padding=&#8221;padding-3&#8243; column_center=&#8221;true&#8221; width=&#8221;1\/1&#8243;][vc_column_text]<\/p>\n<h2 style=\"color: #000000;\"><strong>Les millors c\u00e0meres de videovigil\u00e0ncia per al teu garatge<\/strong><\/h2>\n<p style=\"color: #0174c5;\">A VIDEOparking nom\u00e9s instal\u00b7lem c\u00e0meres i v\u00eddeogravadors d\u2019alta definici\u00f3, \u00e9s l\u2019\u00fanica soluci\u00f3 per disposar d\u2019una bona resoluci\u00f3 de les gravacions.<\/p>\n<p>[\/vc_column_text][\/vc_column][\/vc_row][vc_row][vc_column width=&#8221;1\/2&#8243;]<div class=\"single_image wpb_content_element align-left  animate   \" data-animation=\"fade-in-from-left\" data-delay=\"0\"><img width=\"573\" height=\"412\" src=\"https:\/\/videoparking.barcelona\/wp-content\/uploads\/2016\/04\/camara_videovigilancia2.png\" class=\"attachment-full\" alt=\"\" loading=\"lazy\" title=\"camara_videovigilancia2\" srcset=\"https:\/\/videoparking.barcelona\/wp-content\/uploads\/2016\/04\/camara_videovigilancia2.png 573w, https:\/\/videoparking.barcelona\/wp-content\/uploads\/2016\/04\/camara_videovigilancia2-300x216.png 300w\" sizes=\"(max-width: 573px) 100vw, 573px\" \/><\/div>[vc_column_text]<\/p>\n<p style=\"text-align: right; color: #0174c5;\">Serveis de videovigil\u00e0ncia VIDEOPARKING<\/p>\n<p>[\/vc_column_text][\/vc_column][vc_column width=&#8221;1\/2&#8243;][vc_column_text]<\/p>\n<h3><strong>C\u00e0meres de seguretat<\/strong> HD en color<\/h3>\n<ul>\n<li>Resoluci\u00f3 d\u20191.3 a 2 Mpx.<\/li>\n<li>Infrarojos per a visi\u00f3 nocturna.<\/li>\n<li><strong>\u00d2ptiques vari focals:<\/strong> Permeten adaptar perfectament l\u2019angle de visi\u00f3..<\/li>\n<li><strong>C\u00e0meres amb WDR:<\/strong> Permeten la gravaci\u00f3 en situacions de contrallum, s\u00f3n ideals per a lectura de matr\u00edcules.<\/li>\n<li><strong>C\u00e0meres starlight: <\/strong> Permeten gravar totalment a les fosques i sense necessitat d\u2019infrarrojos, s\u00f3n ideals per utilitzar com a c\u00e0meres ocultes.<\/li>\n<\/ul>\n<p>[\/vc_column_text][\/vc_column][\/vc_row][vc_row top_padding=&#8221;30&#8243; bottom_padding=&#8221;30&#8243;][vc_column width=&#8221;1\/1&#8243;][vc_column_text]<\/p>\n<h2 style=\"color: #000000;\">La millor soluci\u00f3 enfront de robatoris de vehicles i actes vand\u00e0lics<\/h2>\n<div class=\"single_image wpb_content_element align-right animate\" style=\"opacity: 1; float: right;\" data-animation=\"fade-in\" data-delay=\"0\"><img loading=\"lazy\" class=\"alignnone\" src=\"\/wp-content\/uploads\/2016\/04\/videovigilancia_1euro_ca.png\" alt=\"C\u00e0meres de seguretat per a garatges\" width=\"300\" height=\"300\" \/><\/div>\n<ul style=\"color: #0174c5;\">\n<li>Legalitzaci\u00f3 de la instal\u00b7laci\u00f3 davant l\u2019Ag\u00e8ncia Espanyola de Protecci\u00f3 de Dades.<\/li>\n<li>Desc\u00e0rregues i suministre de gravacions conforme a la Llei Org\u00e0nica de Protecci\u00f3 de Dades.<\/li>\n<li>Telemanteniment diari del correcte funcionament de tots els equips.<\/li>\n<li>Asseguran\u00e7a de reposici\u00f3 d\u2019equips per actes vand\u00e0lics.<\/li>\n<li>Manteniment TOT INCL\u00d2S.<\/li>\n<\/ul>\n<p>El manteniment TOT INCL\u00d2S implica la revisi\u00f3 peri\u00f2dica de tots els equips per assegurar el seu correcte funcionament. En cas de detectar qualsevol anomalia, es repara o es substitueix l\u2019equip afectat sense cap c\u00e0rrec suplementari per a La Comunitat (materials, despla\u00e7aments i m\u00e0 d\u2019obra inclosos).[\/vc_column_text][\/vc_column][\/vc_row][vc_row type=&#8221;full_width_section&#8221; bg_color=&#8221;#0174c5&#8243; text_color=&#8221;light&#8221; text_align=&#8221;center&#8221; top_padding=&#8221;10&#8243; bottom_padding=&#8221;10&#8243;][vc_column width=&#8221;1\/1&#8243;][vc_column_text el_id=&#8221;v-integra&#8221;]<\/p>\n<h3 style=\"text-align: center;\">Descobreix la seguretat m\u00e9s completa amb <a title=\"VIDEOparking Integraci\u00f3\" href=\"https:\/\/videoparking.barcelona\/ca\/videoparking-integracio\/\">VIDEOparking INTEGRACI\u00d3<\/a><\/h3>\n<p>[\/vc_column_text][\/vc_column][\/vc_row]<\/p>\n","protected":false},"excerpt":{"rendered":"<p>[vc_row bg_color=&#8221;#f5f6f8&#8243; top_padding=&#8221;40&#8243; bottom_padding=&#8221;40&#8243;][vc_column column_padding=&#8221;padding-3&#8243; column_center=&#8221;true&#8221; width=&#8221;1\/2&#8243;][vc_column_text] Videovigil\u00e0ncia per a comunitats de ve\u00efns La soluci\u00f3 enfront de robatoris de vehicles i actes vand\u00e0lics.[\/vc_column_text][vc_column_text el_class=&#8221;video_vigilancia_desde_precio&#8221;] Des d\u20191\u20ac al mes per ve\u00ed. [\/vc_column_text][\/vc_column][vc_column width=&#8221;1\/2&#8243;][\/vc_column][\/vc_row][vc_row type=&#8221;full_width_section&#8221; bg_color=&#8221;#0174c5&#8243; text_color=&#8221;light&#8221; text_align=&#8221;center&#8221; top_padding=&#8221;10&#8243; bottom_padding=&#8221;10&#8243;][vc_column width=&#8221;1\/1&#8243;][vc_column_text] El sistema dissuasori per excel\u00b7l\u00e8ncia [\/vc_column_text][\/vc_column][\/vc_row][vc_row bg_color=&#8221;#ffffff&#8221; top_padding=&#8221;40&#8243; bottom_padding=&#8221;40&#8243;][vc_column column_padding=&#8221;padding-3&#8243; column_center=&#8221;true&#8221; width=&#8221;1\/1&#8243;][vc_column_text] Les millors c\u00e0meres de videovigil\u00e0ncia per al teu garatge A VIDEOparking nom\u00e9s instal\u00b7lem c\u00e0meres i v\u00eddeogravadors d\u2019alta definici\u00f3, \u00e9s l\u2019\u00fanica soluci\u00f3 per disposar d\u2019una bona resoluci\u00f3 de les gravacions. [\/vc_column_text][\/vc_column][\/vc_row][vc_row][vc_column width=&#8221;1\/2&#8243;][vc_column_text] Serveis de videovigil\u00e0ncia VIDEOPARKING [\/vc_column_text][\/vc_column][vc_column width=&#8221;1\/2&#8243;][vc_column_text] C\u00e0meres de seguretat HD en color Resoluci\u00f3 d\u20191.3 a 2 Mpx. Infrarojos per a visi\u00f3 nocturna. \u00d2ptiques vari focals: Permeten adaptar perfectament l\u2019angle de visi\u00f3.. C\u00e0meres amb WDR: Permeten la gravaci\u00f3 en situacions de contrallum, s\u00f3n ideals per a lectura de matr\u00edcules. C\u00e0meres starlight: Permeten gravar totalment a les fosques i sense necessitat d\u2019infrarrojos, s\u00f3n ideals per utilitzar com a c\u00e0meres ocultes. [\/vc_column_text][\/vc_column][\/vc_row][vc_row top_padding=&#8221;30&#8243; bottom_padding=&#8221;30&#8243;][vc_column width=&#8221;1\/1&#8243;][vc_column_text] La millor soluci\u00f3 enfront de robatoris de vehicles i actes vand\u00e0lics Legalitzaci\u00f3 de la instal\u00b7laci\u00f3 davant l\u2019Ag\u00e8ncia Espanyola de Protecci\u00f3 de Dades. Desc\u00e0rregues i suministre de gravacions conforme a la Llei Org\u00e0nica de Protecci\u00f3 de Dades. Telemanteniment diari del correcte funcionament de tots els equips. Asseguran\u00e7a [&hellip;]<\/p>\n","protected":false},"author":1,"featured_media":0,"parent":0,"menu_order":2,"comment_status":"closed","ping_status":"closed","template":"","meta":[],"aioseo_notices":[],"_links":{"self":[{"href":"https:\/\/videoparking.barcelona\/ca\/wp-json\/wp\/v2\/pages\/1072"}],"collection":[{"href":"https:\/\/videoparking.barcelona\/ca\/wp-json\/wp\/v2\/pages"}],"about":[{"href":"https:\/\/videoparking.barcelona\/ca\/wp-json\/wp\/v2\/types\/page"}],"author":[{"embeddable":true,"href":"https:\/\/videoparking.barcelona\/ca\/wp-json\/wp\/v2\/users\/1"}],"replies":[{"embeddable":true,"href":"https:\/\/videoparking.barcelona\/ca\/wp-json\/wp\/v2\/comments?post=1072"}],"version-history":[{"count":11,"href":"https:\/\/videoparking.barcelona\/ca\/wp-json\/wp\/v2\/pages\/1072\/revisions"}],"predecessor-version":[{"id":1138,"href":"https:\/\/videoparking.barcelona\/ca\/wp-json\/wp\/v2\/pages\/1072\/revisions\/1138"}],"wp:attachment":[{"href":"https:\/\/videoparking.barcelona\/ca\/wp-json\/wp\/v2\/media?parent=1072"}],"curies":[{"name":"wp","href":"https:\/\/api.w.org\/{rel}","templated":true}]}}