{"id":1089,"date":"2016-04-19T14:05:51","date_gmt":"2016-04-19T12:05:51","guid":{"rendered":"https:\/\/videoparking.barcelona\/detector-dintrusos\/"},"modified":"2024-07-22T11:26:37","modified_gmt":"2024-07-22T09:26:37","slug":"detector-dintrusos","status":"publish","type":"page","link":"https:\/\/videoparking.barcelona\/ca\/detector-dintrusos\/","title":{"rendered":"Detector d\u2019intrusos"},"content":{"rendered":"<p>[vc_row type=&#8221;full_width_section&#8221; bg_color=&#8221;#f5f6f8&#8243; top_padding=&#8221;0&#8243; bottom_padding=&#8221;0&#8243;][vc_column column_padding=&#8221;padding-3&#8243; column_center=&#8221;true&#8221; width=&#8221;1\/2&#8243;][vc_column_text]<\/p>\n<h1><strong>Detector d\u2019intrusos<\/strong><br \/>\n<span style=\"color: #000000;\"><strong>SEGURdoor<\/strong><\/span><\/h1>\n<p><strong>Si alg\u00fa intenta accedir al teu garatge, es dispara un senyal d\u2019alarma per dissuadir a l\u2019intr\u00fas i avisar al conductor del vehicle.<\/strong><\/p>\n<h3><a href=\"#cierre\">Tancament al pas<\/a><br \/>\n<a href=\"#avisador\"><strong>Avisador d\u2019intrusi\u00f3<\/strong><\/a><\/h3>\n<p>[\/vc_column_text][\/vc_column][vc_column el_class=&#8221;fullwidthimages&#8221; width=&#8221;1\/2&#8243;]<div class=\"single_image wpb_content_element align-right  animate  image_zoom \" data-animation=\"fade-in-from-right\" data-delay=\"0\"><img width=\"885\" height=\"781\" src=\"https:\/\/videoparking.barcelona\/wp-content\/uploads\/2016\/04\/detector_intrusos.png\" class=\"attachment-full\" alt=\"\" loading=\"lazy\" title=\"detector_intrusos\" srcset=\"https:\/\/videoparking.barcelona\/wp-content\/uploads\/2016\/04\/detector_intrusos.png 885w, https:\/\/videoparking.barcelona\/wp-content\/uploads\/2016\/04\/detector_intrusos-300x265.png 300w, https:\/\/videoparking.barcelona\/wp-content\/uploads\/2016\/04\/detector_intrusos-768x678.png 768w\" sizes=\"(max-width: 885px) 100vw, 885px\" \/><\/div>[\/vc_column][\/vc_row][vc_row type=&#8221;full_width_section&#8221; bg_color=&#8221;#0174c5&#8243; text_color=&#8221;light&#8221; text_align=&#8221;center&#8221; top_padding=&#8221;10&#8243; bottom_padding=&#8221;10&#8243;][vc_column width=&#8221;1\/1&#8243;][vc_column_text]<\/p>\n<h1>Evita que els intrusos es colin al teu garatge<\/h1>\n<p>[\/vc_column_text][\/vc_column][\/vc_row][vc_row bg_color=&#8221;#f5f6f8&#8243; top_padding=&#8221;20&#8243; bottom_padding=&#8221;30&#8243;][vc_column column_padding=&#8221;padding-3&#8243; column_center=&#8221;true&#8221; width=&#8221;1\/1&#8243;][vc_column_text]<a name=\"cierre\"><\/a><\/p>\n<h3>\u201cTancament al pas\u201d per a portes autom\u00e0tiques<\/h3>\n<p>La majoria d\u2019intrusions en un garatge es produeixen aprofitant el pas despr\u00e9s d\u2019un vehicle autoritzat.<\/p>\n<p>Amb el sistema de \u00abTancament al pas\u00bb, la porta es tanca immediatament despr\u00e9s de l\u2019entrada del vehicle, sense esperar al temps regulat en el temporitzador de tancament convencional.<\/p>\n<p>Un exemple d\u2019aplicaci\u00f3 d\u2019aquest sistema s\u00f3n les cl\u00e0ssiques barreres d\u2019autopista, que es tanquen just despr\u00e9s del pas del vehicle.<\/p>\n<p><span style=\"color: #0174c6;\">Programar la porta amb la funci\u00f3 de \u201ctancament al pas\u201d \u00e9s absolutament imprescindible si volem incrementar la seguretat del garatge.<\/span>[\/vc_column_text][\/vc_column][\/vc_row][vc_row top_padding=&#8221;40&#8243; bottom_padding=&#8221;30&#8243;][vc_column width=&#8221;1\/1&#8243;][vc_column_text]<a name=\"avisador\"><\/a><\/p>\n<h3>&#8220;Avisador d\u2019intrusi\u00f3&#8221; per a portes autom\u00e0tiques<\/h3>\n<p>L\u2019&#8221;<strong>Avisador d\u2019intrusi\u00f3<\/strong>&#8221; SEGURdoor ens permet detectar i espantar a un intr\u00fas que intenti colar-se al garatge aprofitant el pas despr\u00e9s d\u2019un vehicle autoritzat.<\/p>\n<p>La porta autom\u00e0tica estar\u00e0 programada amb la funci\u00f3 de \u201ctancament al pas\u201d i per tant, comen\u00e7ar\u00e0 a tancar-se immediatament despr\u00e9s del pas d\u2019un vehicle.<\/p>\n<p><span style=\"color: #0174c6;\">Si un intr\u00fas intenta accedir al garatge aprofitant el tems de tancament de la porta, es disparar\u00e0 un senyal d\u2019alarma per disuadir a l\u2019intr\u00fas i avisar al conductor del vehicle.<\/span>[\/vc_column_text][\/vc_column][\/vc_row][vc_row type=&#8221;full_width_section&#8221; bg_color=&#8221;#0174c5&#8243; text_color=&#8221;light&#8221; text_align=&#8221;center&#8221; top_padding=&#8221;10&#8243; bottom_padding=&#8221;10&#8243;][vc_column width=&#8221;1\/1&#8243;][vc_column_text el_id=&#8221;v-integra&#8221;]<\/p>\n<h3>Descobreix la seguretat m\u00e9s completa amb <a href=\"\/videoparking-integracion\/\">VIDEOparking INTEGRACI\u00d3<\/a><\/h3>\n<p>[\/vc_column_text][\/vc_column][\/vc_row]<\/p>\n","protected":false},"excerpt":{"rendered":"<p>[vc_row type=&#8221;full_width_section&#8221; bg_color=&#8221;#f5f6f8&#8243; top_padding=&#8221;0&#8243; bottom_padding=&#8221;0&#8243;][vc_column column_padding=&#8221;padding-3&#8243; column_center=&#8221;true&#8221; width=&#8221;1\/2&#8243;][vc_column_text] Detector d\u2019intrusos SEGURdoor Si alg\u00fa intenta accedir al teu garatge, es dispara un senyal d\u2019alarma per dissuadir a l\u2019intr\u00fas i avisar al conductor del vehicle. Tancament al pas Avisador d\u2019intrusi\u00f3 [\/vc_column_text][\/vc_column][vc_column el_class=&#8221;fullwidthimages&#8221; width=&#8221;1\/2&#8243;][\/vc_column][\/vc_row][vc_row type=&#8221;full_width_section&#8221; bg_color=&#8221;#0174c5&#8243; text_color=&#8221;light&#8221; text_align=&#8221;center&#8221; top_padding=&#8221;10&#8243; bottom_padding=&#8221;10&#8243;][vc_column width=&#8221;1\/1&#8243;][vc_column_text] Evita que els intrusos es colin al teu garatge [\/vc_column_text][\/vc_column][\/vc_row][vc_row bg_color=&#8221;#f5f6f8&#8243; top_padding=&#8221;20&#8243; bottom_padding=&#8221;30&#8243;][vc_column column_padding=&#8221;padding-3&#8243; column_center=&#8221;true&#8221; width=&#8221;1\/1&#8243;][vc_column_text] \u201cTancament al pas\u201d per a portes autom\u00e0tiques La majoria d\u2019intrusions en un garatge es produeixen aprofitant el pas despr\u00e9s d\u2019un vehicle autoritzat. Amb el sistema de \u00abTancament al pas\u00bb, la porta es tanca immediatament despr\u00e9s de l\u2019entrada del vehicle, sense esperar al temps regulat en el temporitzador de tancament convencional. Un exemple d\u2019aplicaci\u00f3 d\u2019aquest sistema s\u00f3n les cl\u00e0ssiques barreres d\u2019autopista, que es tanquen just despr\u00e9s del pas del vehicle. Programar la porta amb la funci\u00f3 de \u201ctancament al pas\u201d \u00e9s absolutament imprescindible si volem incrementar la seguretat del garatge.[\/vc_column_text][\/vc_column][\/vc_row][vc_row top_padding=&#8221;40&#8243; bottom_padding=&#8221;30&#8243;][vc_column width=&#8221;1\/1&#8243;][vc_column_text] &#8220;Avisador d\u2019intrusi\u00f3&#8221; per a portes autom\u00e0tiques L\u2019&#8221;Avisador d\u2019intrusi\u00f3&#8221; SEGURdoor ens permet detectar i espantar a un intr\u00fas que intenti colar-se al garatge aprofitant el pas despr\u00e9s d\u2019un vehicle autoritzat. La porta autom\u00e0tica estar\u00e0 programada amb la funci\u00f3 de \u201ctancament al pas\u201d i per tant, [&hellip;]<\/p>\n","protected":false},"author":1,"featured_media":0,"parent":0,"menu_order":4,"comment_status":"closed","ping_status":"closed","template":"","meta":[],"aioseo_notices":[],"_links":{"self":[{"href":"https:\/\/videoparking.barcelona\/ca\/wp-json\/wp\/v2\/pages\/1089"}],"collection":[{"href":"https:\/\/videoparking.barcelona\/ca\/wp-json\/wp\/v2\/pages"}],"about":[{"href":"https:\/\/videoparking.barcelona\/ca\/wp-json\/wp\/v2\/types\/page"}],"author":[{"embeddable":true,"href":"https:\/\/videoparking.barcelona\/ca\/wp-json\/wp\/v2\/users\/1"}],"replies":[{"embeddable":true,"href":"https:\/\/videoparking.barcelona\/ca\/wp-json\/wp\/v2\/comments?post=1089"}],"version-history":[{"count":5,"href":"https:\/\/videoparking.barcelona\/ca\/wp-json\/wp\/v2\/pages\/1089\/revisions"}],"predecessor-version":[{"id":1189,"href":"https:\/\/videoparking.barcelona\/ca\/wp-json\/wp\/v2\/pages\/1089\/revisions\/1189"}],"wp:attachment":[{"href":"https:\/\/videoparking.barcelona\/ca\/wp-json\/wp\/v2\/media?parent=1089"}],"curies":[{"name":"wp","href":"https:\/\/api.w.org\/{rel}","templated":true}]}}