{"id":1100,"date":"2016-04-18T15:18:32","date_gmt":"2016-04-18T13:18:32","guid":{"rendered":"https:\/\/videoparking.barcelona\/avis-legal\/"},"modified":"2024-07-22T11:43:40","modified_gmt":"2024-07-22T09:43:40","slug":"avis-legal","status":"publish","type":"page","link":"https:\/\/videoparking.barcelona\/ca\/avis-legal\/","title":{"rendered":"Av\u00eds legal"},"content":{"rendered":"<p>[vc_row][vc_column][vc_column_text]<\/p>\n<h1>Av\u00eds Legal<\/h1>\n<p>Aquest <strong>Av\u00eds Legal<\/strong> (d\u2019ara endavant, \u201cl\u2019Av\u00eds Legal\u201d) regeix l\u2019acc\u00e9s i la utilitzaci\u00f3 del lloc web accessible a trav\u00e9s del nom de domini <a href=\"http:\/\/www.videoparking.barcelona\">www.videoparking.barcelona<\/a> i els seus subdominis (d\u2019ara endavant, \u201cel <strong>Lloc web<\/strong>\u201d). El simple acc\u00e9s al Lloc web atribueix a qui el realitza la condici\u00f3 d\u2019usuari del mateix (d\u2019ara endavant, \u201cl\u2019<strong>Usuari<\/strong>\u201d). En cas de no estar d\u2019acord amb aquest Av\u00eds Legal, l\u2019Usuari ha d\u2019abandonar immediatament el Lloc web sense utilitzar-lo.<\/p>\n<p>Per mitj\u00e0 de l\u2019acceptaci\u00f3 d\u2019aquest Av\u00eds Legal l\u2019Usuari manifesta:<\/p>\n<ul>\n<li>Que ha llegit, ent\u00e9n i accepta l\u2019aqu\u00ed exposat.<\/li>\n<li>Que \u00e9s major d\u2019edat.<\/li>\n<\/ul>\n<hr \/>\n<h3>Informaci\u00f3 general del Lloc web<\/h3>\n<p>A continuaci\u00f3 s\u2019ofereix la informaci\u00f3 general del Lloc web:<\/p>\n<p><strong>Titular<\/strong>: Segurparking, S.L. (d\u2019ara endavant referit pel seu nom comercial, \u201cVIDEOPARKING\u201d).<\/p>\n<p><strong>Seu i establiment: <\/strong> C\/Arag\u00f3, 355 \u2013 08009 \u2013 Barcelona<\/p>\n<p><strong> N.I.F.:<\/strong> B61433090<\/p>\n<p><strong> E-mail<\/strong>: info@videoparking.barcelona<\/p>\n<p><strong>Tel\u00e8fon: <\/strong>93 457 50 26<\/p>\n<p><strong>Dades registrals:<\/strong> Inscrita en el Registre Mercantil de Barcelona, tom 30102, foli 0180, fulla 64674, inscripci\u00f3 3.<\/p>\n<h3>Acc\u00e9s al Lloc web<\/h3>\n<p>El simple acc\u00e9s al Lloc web \u00e9s gratu\u00eft excepte en el relatiu al cost de la connexi\u00f3 a trav\u00e9s de la xarxa de telecomunicacions subministrada pel prove\u00efdor d\u2019acc\u00e9s contractat per l\u2019Usuari.<\/p>\n<h3>Continguts i serveis enlla\u00e7ats a trav\u00e9s del Lloc web<\/h3>\n<p>El Lloc web pot contenir dispositius t\u00e8cnics d\u2019enlla\u00e7, directoris i fins i tot instruments de cerca que permetin a l\u2019Usuari accedir a altres p\u00e0gines i portals d\u2019Internet (d\u2019ara endavant, \u201c<strong>Llocs Enlla\u00e7ats<\/strong>\u201d). En aquests casos, VIDEOPARKING nom\u00e9s ser\u00e0 responsable dels continguts i serveis subministrats en els Llocs Enlla\u00e7ats en la mesura en qu\u00e8 tingui coneixement efectiu de la seva il\u00b7licitud i no hagi desactivat l\u2019enlla\u00e7 als mateixos amb la dilig\u00e8ncia deguda. En el cas que l\u2019Usuari consideri que existeix un Lloc Enlla\u00e7at amb continguts il\u00b7l\u00edcits o inadequats, pot comunicar-lo a VIDEOPARKING.<\/p>\n<p>En cap cas l\u2019exist\u00e8ncia de Llocs Enlla\u00e7ats ha de pressuposar la formalitzaci\u00f3 d\u2019acords entre VIDEOPARKING i els responsables o titulars d\u2019aquests, aix\u00ed com tampoc la recomanaci\u00f3 o promoci\u00f3 dels Llocs Enlla\u00e7ats i\/o els seus continguts per part de VIDEOPARKING. Tret que s\u2019indiqui expressament el contrari en el Lloc web, VIDEOPARKING no coneix els continguts i serveis dels Llocs Enlla\u00e7ats i, per tant, no es fa responsable pels danys i perjudicis que aquests puguin produir a l\u2019Usuari o a qualsevol tercer.<\/p>\n<h3>Propietat intel\u00b7lectual i industrial<\/h3>\n<p>Tots els continguts del Lloc web entenent per aquests, a t\u00edtol merament enunciatiu per\u00f2 no exhaustiu, els textos, fotografies, gr\u00e0fics, imatges, icones, tecnologia, programari, links i altres continguts audiovisuals o sonors, aix\u00ed com el seu disseny gr\u00e0fic i codis font, s\u00f3n propietat intel\u00b7lectual de VIDEOPARKING o de tercers licenciadores, sense que puguin entendre\u2019s cedits a l\u2019Usuari cap dels drets d\u2019explotaci\u00f3 reconeguts per la normativa vigent en mat\u00e8ria de propietat intel\u00b7lectual sobre aquests.<\/p>\n<p>Les marques, noms comercials i altres signes distintius publicats en el Lloc web s\u00f3n titularitat de VIDEOPARKING o de tercers cedents i\/o licenciadores, sense que pugui entendre\u2019s cedit a l\u2019Usuari cap dret sobre aquests.<\/p>\n<h3>Nul\u00b7litat i inefic\u00e0cia de les cl\u00e0usules<\/h3>\n<p>Si qualsevol cl\u00e0usula inclosa en aquest Av\u00eds Legal fos declarada totalment o parcialment nul\u00b7la o inefica\u00e7, tal nul\u00b7litat o inefic\u00e0cia tan sols afectar\u00e0 aquesta disposici\u00f3 o a la part de la mateixa que resulti nul\u00b7la o inefica\u00e7, subsistint aquest Av\u00eds Legal en tota la resta i considerant-se tal disposici\u00f3 totalment o parcialment per no inclosa.<\/p>\n<h3>Legislaci\u00f3 aplicable<\/h3>\n<p>Aquest Av\u00eds Legal es regir\u00e0 i interpretar\u00e0 conforme a la legislaci\u00f3 espanyola.<\/p>\n<p>[\/vc_column_text][\/vc_column][\/vc_row]<\/p>\n","protected":false},"excerpt":{"rendered":"<p>[vc_row][vc_column][vc_column_text] Av\u00eds Legal Aquest Av\u00eds Legal (d\u2019ara endavant, \u201cl\u2019Av\u00eds Legal\u201d) regeix l\u2019acc\u00e9s i la utilitzaci\u00f3 del lloc web accessible a trav\u00e9s del nom de domini www.videoparking.barcelona i els seus subdominis (d\u2019ara endavant, \u201cel Lloc web\u201d). El simple acc\u00e9s al Lloc web atribueix a qui el realitza la condici\u00f3 d\u2019usuari del mateix (d\u2019ara endavant, \u201cl\u2019Usuari\u201d). En cas de no estar d\u2019acord amb aquest Av\u00eds Legal, l\u2019Usuari ha d\u2019abandonar immediatament el Lloc web sense utilitzar-lo. Per mitj\u00e0 de l\u2019acceptaci\u00f3 d\u2019aquest Av\u00eds Legal l\u2019Usuari manifesta: Que ha llegit, ent\u00e9n i accepta l\u2019aqu\u00ed exposat. Que \u00e9s major d\u2019edat. Informaci\u00f3 general del Lloc web A continuaci\u00f3 s\u2019ofereix la informaci\u00f3 general del Lloc web: Titular: Segurparking, S.L. (d\u2019ara endavant referit pel seu nom comercial, \u201cVIDEOPARKING\u201d). Seu i establiment: C\/Arag\u00f3, 355 \u2013 08009 \u2013 Barcelona N.I.F.: B61433090 E-mail: info@videoparking.barcelona Tel\u00e8fon: 93 457 50 26 Dades registrals: Inscrita en el Registre Mercantil de Barcelona, tom 30102, foli 0180, fulla 64674, inscripci\u00f3 3. Acc\u00e9s al Lloc web El simple acc\u00e9s al Lloc web \u00e9s gratu\u00eft excepte en el relatiu al cost de la connexi\u00f3 a trav\u00e9s de la xarxa de telecomunicacions subministrada pel prove\u00efdor d\u2019acc\u00e9s contractat per l\u2019Usuari. Continguts i serveis enlla\u00e7ats a trav\u00e9s del Lloc web El Lloc [&hellip;]<\/p>\n","protected":false},"author":1,"featured_media":0,"parent":0,"menu_order":7,"comment_status":"closed","ping_status":"closed","template":"","meta":[],"aioseo_notices":[],"_links":{"self":[{"href":"https:\/\/videoparking.barcelona\/ca\/wp-json\/wp\/v2\/pages\/1100"}],"collection":[{"href":"https:\/\/videoparking.barcelona\/ca\/wp-json\/wp\/v2\/pages"}],"about":[{"href":"https:\/\/videoparking.barcelona\/ca\/wp-json\/wp\/v2\/types\/page"}],"author":[{"embeddable":true,"href":"https:\/\/videoparking.barcelona\/ca\/wp-json\/wp\/v2\/users\/1"}],"replies":[{"embeddable":true,"href":"https:\/\/videoparking.barcelona\/ca\/wp-json\/wp\/v2\/comments?post=1100"}],"version-history":[{"count":3,"href":"https:\/\/videoparking.barcelona\/ca\/wp-json\/wp\/v2\/pages\/1100\/revisions"}],"predecessor-version":[{"id":1202,"href":"https:\/\/videoparking.barcelona\/ca\/wp-json\/wp\/v2\/pages\/1100\/revisions\/1202"}],"wp:attachment":[{"href":"https:\/\/videoparking.barcelona\/ca\/wp-json\/wp\/v2\/media?parent=1100"}],"curies":[{"name":"wp","href":"https:\/\/api.w.org\/{rel}","templated":true}]}}