{"id":1104,"date":"2016-07-29T13:50:18","date_gmt":"2016-07-29T11:50:18","guid":{"rendered":"https:\/\/videoparking.barcelona\/control-daccessos\/app-segurphone\/"},"modified":"2024-07-22T11:17:54","modified_gmt":"2024-07-22T09:17:54","slug":"app-segurphone","status":"publish","type":"page","link":"https:\/\/videoparking.barcelona\/ca\/control-daccessos\/app-segurphone\/","title":{"rendered":"App SEGURphone"},"content":{"rendered":"<p>[vc_row bg_color=&#8221;#f5f6f8&#8243; top_padding=&#8221;0&#8243; bottom_padding=&#8221;0&#8243;][vc_column column_padding=&#8221;padding-5&#8243; column_center=&#8221;true&#8221; width=&#8221;1\/2&#8243;][vc_column_text]<\/p>\n<h1>App SEGURphone<\/h1>\n<h5 style=\"color: #000;\">Acaba amb el descontrol de comandaments i claus en el teu garatge, utilitza el teu smartphone.<\/h5>\n<p>[\/vc_column_text]<div class=\"video-embed  wpb_content_element\"><iframe title=\"Mandos Mio y SEGURphone. Sistema de seguridad para comunidades de vecinos\" width=\"1161\" height=\"653\" src=\"https:\/\/www.youtube.com\/embed\/J-dBsF9yFZw?feature=oembed\" frameborder=\"0\" allow=\"accelerometer; autoplay; clipboard-write; encrypted-media; gyroscope; picture-in-picture; web-share\" referrerpolicy=\"strict-origin-when-cross-origin\" allowfullscreen><\/iframe><\/div>[\/vc_column][vc_column el_class=&#8221;fullwidthimages&#8221; width=&#8221;1\/2&#8243;]<div class=\"single_image wpb_content_element align-center  animate   \" data-animation=\"fade-in\" data-delay=\"0\"><img width=\"560\" height=\"560\" src=\"https:\/\/videoparking.barcelona\/wp-content\/uploads\/2016\/04\/control_accesos.png\" class=\"attachment-full\" alt=\"\" loading=\"lazy\" title=\"control_accesos\" srcset=\"https:\/\/videoparking.barcelona\/wp-content\/uploads\/2016\/04\/control_accesos.png 560w, https:\/\/videoparking.barcelona\/wp-content\/uploads\/2016\/04\/control_accesos-150x150.png 150w, https:\/\/videoparking.barcelona\/wp-content\/uploads\/2016\/04\/control_accesos-300x300.png 300w, https:\/\/videoparking.barcelona\/wp-content\/uploads\/2016\/04\/control_accesos-80x80.png 80w, https:\/\/videoparking.barcelona\/wp-content\/uploads\/2016\/04\/control_accesos-500x500.png 500w\" sizes=\"(max-width: 560px) 100vw, 560px\" \/><\/div>[\/vc_column][\/vc_row][vc_row bg_color=&#8221;#0174c5&#8243; text_color=&#8221;light&#8221; top_padding=&#8221;10&#8243; bottom_padding=&#8221;10&#8243;][vc_column width=&#8221;1\/1&#8243;][vc_column_text]<\/p>\n<h2 style=\"text-align: center;\">MIO i SEGURphone: com tu decideixis, com tu prefereixis<\/h2>\n<p>[\/vc_column_text][\/vc_column][\/vc_row][vc_row bg_color=&#8221;#d2d2d5&#8243; top_padding=&#8221;40&#8243; bottom_padding=&#8221;40&#8243;][vc_column column_center=&#8221;true&#8221; width=&#8221;1\/2&#8243;]<div class=\"single_image wpb_content_element align-center  animate   \" data-animation=\"fade-in-from-left\" data-delay=\"0\"><img width=\"610\" height=\"427\" src=\"https:\/\/videoparking.barcelona\/wp-content\/uploads\/2016\/04\/control_acceso_garaje_smartphone.png\" class=\"attachment-full\" alt=\"\" loading=\"lazy\" title=\"control_acceso_garaje_smartphone\" srcset=\"https:\/\/videoparking.barcelona\/wp-content\/uploads\/2016\/04\/control_acceso_garaje_smartphone.png 610w, https:\/\/videoparking.barcelona\/wp-content\/uploads\/2016\/04\/control_acceso_garaje_smartphone-300x210.png 300w\" sizes=\"(max-width: 610px) 100vw, 610px\" \/><\/div>[vc_column_text]<span style=\"font-size: 18px;\">Disponible per IOS i ANDROID<\/span> <a href=\"https:\/\/play.google.com\/store\/apps\/details?id=babsoft.com.segurphone\" target=\"_blank\" rel=\"noopener noreferrer\"><img loading=\"lazy\" class=\"alignright wp-image-537 size-full\" src=\"https:\/\/videoparking.barcelona\/wp-content\/uploads\/2016\/07\/GooglePlay-e1473274614821.png\" alt=\"GooglePlay\" width=\"125\" height=\"43\"><\/a> <a href=\"https:\/\/itunes.apple.com\/es\/app\/segurphone\/id1077345581?mt=8\" target=\"_blank\" rel=\"noopener noreferrer\"><img loading=\"lazy\" class=\"alignright wp-image-538 size-full\" src=\"https:\/\/videoparking.barcelona\/wp-content\/uploads\/2016\/07\/AppStore-e1473274561651.png\" alt=\"AppStore\" width=\"125\" height=\"43\"><\/a>[\/vc_column_text][\/vc_column][vc_column column_padding=&#8221;padding-5&#8243; column_center=&#8221;true&#8221; width=&#8221;1\/2&#8243;][vc_column_text]<\/p>\n<h1 style=\"color: #000;\">L\u2019app<strong> per obrir les portes amb el teu smartphone<\/strong><\/h1>\n<p><strong>SEGURphone<\/strong> \u00e9s l\u2019app gratu\u00efta que et permet obrir les portes autom\u00e0tiques i per als vianants del teu garatge comunitari, utilitzant l\u2019smartphone.<\/p>\n<h2>Amb SEGURphone tot s\u00f3n avantatges.<\/h2>\n<ul>\n<li>Personal i segur<\/li>\n<li>Gestionat per internet<\/li>\n<li>Limitaci\u00f3 d\u2019smartphones per pla\u00e7a<\/li>\n<li>Per a portes de vehicles i per a vianants<\/li>\n<\/ul>\n<p>[\/vc_column_text][\/vc_column][\/vc_row][vc_row bg_color=&#8221;#ffffff&#8221; top_padding=&#8221;40&#8243; bottom_padding=&#8221;40&#8243; row_id=&#8221;smartphones&#8221;][vc_column column_center=&#8221;true&#8221; width=&#8221;1\/2&#8243;][vc_column_text]<\/p>\n<h2>Personal i molt segur<\/h2>\n<p>El nostre <strong>smartphone <\/strong> no li deixem a ning\u00fa. \u00danicament les persones que tinguin autoritzat el seu tel\u00e8fon podran accedir al garatge en q\u00fcesti\u00f3.[\/vc_column_text][\/vc_column][vc_column column_center=&#8221;true&#8221; width=&#8221;1\/2&#8243;]<div class=\"single_image wpb_content_element align-center  animate   \" data-animation=\"fade-in-from-right\" data-delay=\"0\"><img width=\"345\" height=\"368\" src=\"https:\/\/videoparking.barcelona\/wp-content\/uploads\/2016\/04\/control_acceso_garaje_personal_smartphone.png\" class=\"attachment-full\" alt=\"\" loading=\"lazy\" title=\"control_acceso_garaje_personal_smartphone\" srcset=\"https:\/\/videoparking.barcelona\/wp-content\/uploads\/2016\/04\/control_acceso_garaje_personal_smartphone.png 345w, https:\/\/videoparking.barcelona\/wp-content\/uploads\/2016\/04\/control_acceso_garaje_personal_smartphone-281x300.png 281w\" sizes=\"(max-width: 345px) 100vw, 345px\" \/><\/div>[\/vc_column][\/vc_row][vc_row bg_color=&#8221;#f5f6f8&#8243; top_padding=&#8221;40&#8243; bottom_padding=&#8221;40&#8243;][vc_column column_center=&#8221;true&#8221; width=&#8221;1\/2&#8243;]<div class=\"single_image wpb_content_element align-center  animate   \" data-animation=\"fade-in-from-left\" data-delay=\"0\"><img width=\"516\" height=\"297\" src=\"https:\/\/videoparking.barcelona\/wp-content\/uploads\/2016\/04\/control_acceso_internet_garaje.png\" class=\"attachment-full\" alt=\"\" loading=\"lazy\" title=\"control_acceso_internet_garaje\" srcset=\"https:\/\/videoparking.barcelona\/wp-content\/uploads\/2016\/04\/control_acceso_internet_garaje.png 516w, https:\/\/videoparking.barcelona\/wp-content\/uploads\/2016\/04\/control_acceso_internet_garaje-300x173.png 300w\" sizes=\"(max-width: 516px) 100vw, 516px\" \/><\/div>[\/vc_column][vc_column column_padding=&#8221;padding-5&#8243; column_center=&#8221;true&#8221; width=&#8221;1\/2&#8243;][vc_column_text]<\/p>\n<h2>Gestionat per Internet<\/h2>\n<p>Des de VIDEOparking podem desactivar els tel\u00e8fons assignats a la teva pla\u00e7a, en el moment que ho necessitis.[\/vc_column_text][\/vc_column][\/vc_row][vc_row bg_color=&#8221;#ffffff&#8221; top_padding=&#8221;40&#8243; bottom_padding=&#8221;40&#8243;][vc_column column_center=&#8221;true&#8221; width=&#8221;1\/2&#8243;][vc_column_text]<\/p>\n<h2>Limitaci\u00f3 d\u2019smartphones per pla\u00e7a<\/h2>\n<p>El portal de gesti\u00f3 de VIDEOparking permet establir un l\u00edmit d\u2019smartphones actius per pla\u00e7a, es recomana que aquesta limitaci\u00f3 sigui de 2 smartphones per pla\u00e7a o com a m\u00e0xim 3. Aquest l\u00edmit implica que quan un propietari sol\u00b7licita l\u2019alta d\u2019un nou smartphone, abans ha de sol\u00b7licitar l\u2019anul\u00b7laci\u00f3 d\u2019un anterior.<br \/>\n\u2022Smartphone que ha perdut o que li han robat.<br \/>\n\u2022Smartphone d\u2019un antic arrendatari.[\/vc_column_text][\/vc_column][vc_column column_center=&#8221;true&#8221; width=&#8221;1\/2&#8243;]<div class=\"single_image wpb_content_element align-center  animate   \" data-animation=\"fade-in-from-right\" data-delay=\"0\"><img width=\"421\" height=\"387\" src=\"https:\/\/videoparking.barcelona\/wp-content\/uploads\/2016\/04\/limitacion_smartphone_plaza.png\" class=\"attachment-full\" alt=\"\" loading=\"lazy\" title=\"limitacion_smartphone_plaza\" srcset=\"https:\/\/videoparking.barcelona\/wp-content\/uploads\/2016\/04\/limitacion_smartphone_plaza.png 421w, https:\/\/videoparking.barcelona\/wp-content\/uploads\/2016\/04\/limitacion_smartphone_plaza-300x276.png 300w\" sizes=\"(max-width: 421px) 100vw, 421px\" \/><\/div>[\/vc_column][\/vc_row][vc_row bg_color=&#8221;#f5f6f8&#8243; top_padding=&#8221;40&#8243; bottom_padding=&#8221;40&#8243;][vc_column column_center=&#8221;true&#8221; width=&#8221;1\/2&#8243;]<div class=\"single_image wpb_content_element align-center  animate   \" data-animation=\"fade-in-from-left\" data-delay=\"0\"><img width=\"346\" height=\"352\" src=\"https:\/\/videoparking.barcelona\/wp-content\/uploads\/2016\/04\/VP-Control-de-accesos_45.png\" class=\"attachment-full\" alt=\"\" loading=\"lazy\" title=\"VP-Control-de-accesos_45\" srcset=\"https:\/\/videoparking.barcelona\/wp-content\/uploads\/2016\/04\/VP-Control-de-accesos_45.png 346w, https:\/\/videoparking.barcelona\/wp-content\/uploads\/2016\/04\/VP-Control-de-accesos_45-295x300.png 295w, https:\/\/videoparking.barcelona\/wp-content\/uploads\/2016\/04\/VP-Control-de-accesos_45-80x80.png 80w\" sizes=\"(max-width: 346px) 100vw, 346px\" \/><\/div>[\/vc_column][vc_column column_padding=&#8221;padding-5&#8243; column_center=&#8221;true&#8221; width=&#8221;1\/2&#8243;][vc_column_text]<\/p>\n<h2>Per a portes de vehicles i per als vianants<\/h2>\n<p>Oblida\u2019t de les claus de les portes per als vianants del teu garatge. Ara pots <strong>obrir les portes<\/strong> de vehicles i les de vianants, indistintament, amb la nova app SEGURphone.[\/vc_column_text][\/vc_column][\/vc_row][vc_row type=&#8221;full_width_section&#8221; bg_color=&#8221;#0174c5&#8243; text_color=&#8221;light&#8221; text_align=&#8221;center&#8221; top_padding=&#8221;10&#8243; bottom_padding=&#8221;10&#8243;][vc_column width=&#8221;1\/1&#8243;][vc_column_text el_id=&#8221;v-integra&#8221;]<\/p>\n<h3>Descobreix la seguretat m\u00e9s completa amb <a href=\"\/videoparking-integracion\/\">VIDEOparking INTEGRACI\u00d3<\/a><\/h3>\n<p>[\/vc_column_text][\/vc_column][\/vc_row]<\/p>\n","protected":false},"excerpt":{"rendered":"<p>[vc_row bg_color=&#8221;#f5f6f8&#8243; top_padding=&#8221;0&#8243; bottom_padding=&#8221;0&#8243;][vc_column column_padding=&#8221;padding-5&#8243; column_center=&#8221;true&#8221; width=&#8221;1\/2&#8243;][vc_column_text] App SEGURphone Acaba amb el descontrol de comandaments i claus en el teu garatge, utilitza el teu smartphone. [\/vc_column_text][\/vc_column][vc_column el_class=&#8221;fullwidthimages&#8221; width=&#8221;1\/2&#8243;][\/vc_column][\/vc_row][vc_row bg_color=&#8221;#0174c5&#8243; text_color=&#8221;light&#8221; top_padding=&#8221;10&#8243; bottom_padding=&#8221;10&#8243;][vc_column width=&#8221;1\/1&#8243;][vc_column_text] MIO i SEGURphone: com tu decideixis, com tu prefereixis [\/vc_column_text][\/vc_column][\/vc_row][vc_row bg_color=&#8221;#d2d2d5&#8243; top_padding=&#8221;40&#8243; bottom_padding=&#8221;40&#8243;][vc_column column_center=&#8221;true&#8221; width=&#8221;1\/2&#8243;][vc_column_text]Disponible per IOS i ANDROID [\/vc_column_text][\/vc_column][vc_column column_padding=&#8221;padding-5&#8243; column_center=&#8221;true&#8221; width=&#8221;1\/2&#8243;][vc_column_text] L\u2019app per obrir les portes amb el teu smartphone SEGURphone \u00e9s l\u2019app gratu\u00efta que et permet obrir les portes autom\u00e0tiques i per als vianants del teu garatge comunitari, utilitzant l\u2019smartphone. Amb SEGURphone tot s\u00f3n avantatges. Personal i segur Gestionat per internet Limitaci\u00f3 d\u2019smartphones per pla\u00e7a Per a portes de vehicles i per a vianants [\/vc_column_text][\/vc_column][\/vc_row][vc_row bg_color=&#8221;#ffffff&#8221; top_padding=&#8221;40&#8243; bottom_padding=&#8221;40&#8243; row_id=&#8221;smartphones&#8221;][vc_column column_center=&#8221;true&#8221; width=&#8221;1\/2&#8243;][vc_column_text] Personal i molt segur El nostre smartphone no li deixem a ning\u00fa. \u00danicament les persones que tinguin autoritzat el seu tel\u00e8fon podran accedir al garatge en q\u00fcesti\u00f3.[\/vc_column_text][\/vc_column][vc_column column_center=&#8221;true&#8221; width=&#8221;1\/2&#8243;][\/vc_column][\/vc_row][vc_row bg_color=&#8221;#f5f6f8&#8243; top_padding=&#8221;40&#8243; bottom_padding=&#8221;40&#8243;][vc_column column_center=&#8221;true&#8221; width=&#8221;1\/2&#8243;][\/vc_column][vc_column column_padding=&#8221;padding-5&#8243; column_center=&#8221;true&#8221; width=&#8221;1\/2&#8243;][vc_column_text] Gestionat per Internet Des de VIDEOparking podem desactivar els tel\u00e8fons assignats a la teva pla\u00e7a, en el moment que ho necessitis.[\/vc_column_text][\/vc_column][\/vc_row][vc_row bg_color=&#8221;#ffffff&#8221; top_padding=&#8221;40&#8243; bottom_padding=&#8221;40&#8243;][vc_column column_center=&#8221;true&#8221; width=&#8221;1\/2&#8243;][vc_column_text] Limitaci\u00f3 d\u2019smartphones per pla\u00e7a El portal de gesti\u00f3 de VIDEOparking permet establir un l\u00edmit d\u2019smartphones actius per pla\u00e7a, es recomana [&hellip;]<\/p>\n","protected":false},"author":1,"featured_media":0,"parent":1080,"menu_order":0,"comment_status":"closed","ping_status":"closed","template":"","meta":[],"aioseo_notices":[],"_links":{"self":[{"href":"https:\/\/videoparking.barcelona\/ca\/wp-json\/wp\/v2\/pages\/1104"}],"collection":[{"href":"https:\/\/videoparking.barcelona\/ca\/wp-json\/wp\/v2\/pages"}],"about":[{"href":"https:\/\/videoparking.barcelona\/ca\/wp-json\/wp\/v2\/types\/page"}],"author":[{"embeddable":true,"href":"https:\/\/videoparking.barcelona\/ca\/wp-json\/wp\/v2\/users\/1"}],"replies":[{"embeddable":true,"href":"https:\/\/videoparking.barcelona\/ca\/wp-json\/wp\/v2\/comments?post=1104"}],"version-history":[{"count":11,"href":"https:\/\/videoparking.barcelona\/ca\/wp-json\/wp\/v2\/pages\/1104\/revisions"}],"predecessor-version":[{"id":1181,"href":"https:\/\/videoparking.barcelona\/ca\/wp-json\/wp\/v2\/pages\/1104\/revisions\/1181"}],"up":[{"embeddable":true,"href":"https:\/\/videoparking.barcelona\/ca\/wp-json\/wp\/v2\/pages\/1080"}],"wp:attachment":[{"href":"https:\/\/videoparking.barcelona\/ca\/wp-json\/wp\/v2\/media?parent=1104"}],"curies":[{"name":"wp","href":"https:\/\/api.w.org\/{rel}","templated":true}]}}