{"id":1111,"date":"2016-07-29T13:45:58","date_gmt":"2016-07-29T11:45:58","guid":{"rendered":"https:\/\/videoparking.barcelona\/control-daccessos\/comandament-mio\/"},"modified":"2024-07-22T11:22:36","modified_gmt":"2024-07-22T09:22:36","slug":"comandament-mio","status":"publish","type":"page","link":"https:\/\/videoparking.barcelona\/ca\/control-daccessos\/comandament-mio\/","title":{"rendered":"Comandament MIO"},"content":{"rendered":"<p>[vc_row content_placement=&#8221;bottom&#8221; bg_color=&#8221;#f5f6f8&#8243; top_padding=&#8221;0&#8243; bottom_padding=&#8221;0&#8243;][vc_column column_padding=&#8221;padding-5&#8243; column_center=&#8221;true&#8221; width=&#8221;1\/2&#8243;][vc_column_text]<\/p>\n<h1>Comandament MIO<\/h1>\n<h5 style=\"color: #000;\">Acaba amb el descontrol de comandaments i claus en el teu garatge, accedeix amb comandaments de seguretat MIO.<\/h5>\n<p>[\/vc_column_text]<div class=\"video-embed  wpb_content_element\"><iframe title=\"Mandos Mio y SEGURphone. Sistema de seguridad para comunidades de vecinos\" width=\"1161\" height=\"653\" src=\"https:\/\/www.youtube.com\/embed\/J-dBsF9yFZw?feature=oembed\" frameborder=\"0\" allow=\"accelerometer; autoplay; clipboard-write; encrypted-media; gyroscope; picture-in-picture; web-share\" referrerpolicy=\"strict-origin-when-cross-origin\" allowfullscreen><\/iframe><\/div>[\/vc_column][vc_column width=&#8221;1\/2&#8243; el_class=&#8221;fullwidthimages&#8221;]<div class=\"single_image wpb_content_element align-center  animate   \" data-animation=\"fade-in\" data-delay=\"0\"><img width=\"560\" height=\"560\" src=\"https:\/\/videoparking.barcelona\/wp-content\/uploads\/2016\/04\/control_accesos.png\" class=\"attachment-full\" alt=\"\" loading=\"lazy\" title=\"control_accesos\" srcset=\"https:\/\/videoparking.barcelona\/wp-content\/uploads\/2016\/04\/control_accesos.png 560w, https:\/\/videoparking.barcelona\/wp-content\/uploads\/2016\/04\/control_accesos-150x150.png 150w, https:\/\/videoparking.barcelona\/wp-content\/uploads\/2016\/04\/control_accesos-300x300.png 300w, https:\/\/videoparking.barcelona\/wp-content\/uploads\/2016\/04\/control_accesos-80x80.png 80w, https:\/\/videoparking.barcelona\/wp-content\/uploads\/2016\/04\/control_accesos-500x500.png 500w\" sizes=\"(max-width: 560px) 100vw, 560px\" \/><\/div>[\/vc_column][\/vc_row][vc_row bg_color=&#8221;#0174c5&#8243; text_color=&#8221;light&#8221; top_padding=&#8221;10&#8243; bottom_padding=&#8221;10&#8243;][vc_column width=&#8221;1\/1&#8243;][vc_column_text]<\/p>\n<h2 style=\"text-align: center;\">MIO i SEGURphone: com tu decideixis, com tu prefereixis<\/h2>\n<p>[\/vc_column_text][\/vc_column][\/vc_row][vc_row bg_color=&#8221;#d2d2d5&#8243; top_padding=&#8221;60&#8243; bottom_padding=&#8221;60&#8243;][vc_column column_center=&#8221;true&#8221; width=&#8221;1\/2&#8243;]<div class=\"single_image wpb_content_element align-center  animate   \" data-animation=\"fade-in-from-left\" data-delay=\"0\"><img width=\"432\" height=\"366\" src=\"https:\/\/videoparking.barcelona\/wp-content\/uploads\/2016\/07\/mandos_garaje.png\" class=\"attachment-full\" alt=\"\" loading=\"lazy\" title=\"mandos_garaje\" srcset=\"https:\/\/videoparking.barcelona\/wp-content\/uploads\/2016\/07\/mandos_garaje.png 432w, https:\/\/videoparking.barcelona\/wp-content\/uploads\/2016\/07\/mandos_garaje-300x254.png 300w\" sizes=\"(max-width: 432px) 100vw, 432px\" \/><\/div>[\/vc_column][vc_column column_center=&#8221;true&#8221; width=&#8221;1\/2&#8243;][vc_column_text]<\/p>\n<h1 style=\"color: #000;\">Comandaments de seguretat MIO<\/h1>\n<p>Els <strong class=\"color:#0174c6;\">comandaments MIO <\/strong> acaben, de forma definitiva, amb la desorganitzaci\u00f3 i inseguretat que suposen els comandaments convencionals, per p\u00e8rdues, robatoris, comandaments en poder d\u2019antics arrendataris i duplicats sense cap control.<\/p>\n<h2>Quins avantatges m\u2019ofereix MIO?<\/h2>\n<ul>\n<li>Personalitzat<\/li>\n<li>Incopiable.<\/li>\n<li>Gestionat per internet<\/li>\n<li>Limitaci\u00f3 de comandaments per pla\u00e7a<\/li>\n<li>Per a portes de vehicles i per a vianants<\/li>\n<\/ul>\n<p>[\/vc_column_text][\/vc_column][\/vc_row][vc_row bg_color=&#8221;#f5f6f8&#8243; top_padding=&#8221;60&#8243; bottom_padding=&#8221;60&#8243;][vc_column width=&#8221;1\/1&#8243;][vc_column_text]<\/p>\n<h2><img loading=\"lazy\" class=\"alignright wp-image-437 size-medium\" src=\"https:\/\/videoparking.barcelona\/wp-content\/uploads\/2016\/08\/personalizacion_mando_garaje-300x135.png\" alt=\"comandaments de garatge incopiables\" width=\"300\" height=\"135\">Personalitzat<\/h2>\n<p>Els comandaments MIO estan identificats amb el n\u00ba de pla\u00e7a, el nom del propietari i un codi d\u2019identificaci\u00f3 \u00fanic. Els comandaments MIO nom\u00e9s s\u2019entreguen als propietaris de les places, seguint els criteris que s\u2019hagin establert amb La Comunitat.<\/p>\n<h3>T\u2019imagines que les teves targetes de cr\u00e8dit fossin totalment an\u00f2nimes i no incorporessin les teves dades?<\/h3>\n<p>[\/vc_column_text][\/vc_column][\/vc_row][vc_row bg_color=&#8221;#ffffff&#8221; top_padding=&#8221;60&#8243; bottom_padding=&#8221;60&#8243;][vc_column column_center=&#8221;true&#8221; width=&#8221;1\/2&#8243;]<div class=\"single_image wpb_content_element align-center  animate   \" data-animation=\"fade-in-from-left\" data-delay=\"0\"><img width=\"517\" height=\"394\" src=\"https:\/\/videoparking.barcelona\/wp-content\/uploads\/2016\/04\/mando_mio_incopiable.png\" class=\"attachment-full\" alt=\"\" loading=\"lazy\" title=\"mando_mio_incopiable\" srcset=\"https:\/\/videoparking.barcelona\/wp-content\/uploads\/2016\/04\/mando_mio_incopiable.png 517w, https:\/\/videoparking.barcelona\/wp-content\/uploads\/2016\/04\/mando_mio_incopiable-300x229.png 300w\" sizes=\"(max-width: 517px) 100vw, 517px\" \/><\/div>[\/vc_column][vc_column column_padding=&#8221;padding-5&#8243; column_center=&#8221;true&#8221; width=&#8221;1\/2&#8243;][vc_column_text]<\/p>\n<h2>Incopiable<\/h2>\n<p>El comandament MIO \u00e9s absolutament incopiable. \u00danicament VIDEOparking podr\u00e0 activar-lo a trav\u00e9s del seu portal de gesti\u00f3 de garatges. Qualsevol intent de duplicat d\u2019un comandament MIO \u00e9s detectat i anul\u00b7lat autom\u00e0ticament pel sistema.[\/vc_column_text][\/vc_column][\/vc_row][vc_row bg_color=&#8221;#f5f6f8&#8243; top_padding=&#8221;60&#8243; bottom_padding=&#8221;0&#8243;][vc_column column_center=&#8221;true&#8221; width=&#8221;1\/2&#8243;][vc_column_text]<\/p>\n<h2>Gestionat per Internet<\/h2>\n<p>El portal de gesti\u00f3 de garatges de VIDEOparking \u00e9s sin\u00f2nim de seguretat i immediatesa per al control del comandaments del garatge. Davant qualsevol incident en el teu garatge, sabr\u00e0s:<\/p>\n<p><strong>Qui ha entrat?<\/strong><br \/>\n<strong>Per on ha entrat?<\/strong><br \/>\n<strong>Quan ha entrat?<\/strong>[\/vc_column_text][\/vc_column][vc_column column_center=&#8221;true&#8221; width=&#8221;1\/2&#8243;]<div class=\"single_image wpb_content_element align-center  animate   \" data-animation=\"fade-in-from-right\" data-delay=\"0\"><img width=\"516\" height=\"297\" src=\"https:\/\/videoparking.barcelona\/wp-content\/uploads\/2016\/04\/control_acceso_internet_garaje.png\" class=\"attachment-full\" alt=\"\" loading=\"lazy\" title=\"control_acceso_internet_garaje\" srcset=\"https:\/\/videoparking.barcelona\/wp-content\/uploads\/2016\/04\/control_acceso_internet_garaje.png 516w, https:\/\/videoparking.barcelona\/wp-content\/uploads\/2016\/04\/control_acceso_internet_garaje-300x173.png 300w\" sizes=\"(max-width: 516px) 100vw, 516px\" \/><\/div>[\/vc_column][\/vc_row][vc_row bg_color=&#8221;#f5f6f8&#8243; top_padding=&#8221;0&#8243; bottom_padding=&#8221;60&#8243;][vc_column width=&#8221;1\/1&#8243;][vc_column_text]<\/p>\n<h2><\/h2>\n<p>Des de VIDEOparking podem desactivar els teus comandaments MIO en el moment en que ho necessitis.<\/p>\n<h3>Els teus comandaments controlats en tot moment i des de qualsevol lloc.<\/h3>\n<p>[\/vc_column_text][\/vc_column][\/vc_row][vc_row bg_color=&#8221;#ffffff&#8221; top_padding=&#8221;40&#8243; bottom_padding=&#8221;40&#8243;][vc_column column_center=&#8221;true&#8221; width=&#8221;1\/2&#8243;]<div class=\"single_image wpb_content_element align-center  animate   \" data-animation=\"fade-in-from-left\" data-delay=\"0\"><img width=\"329\" height=\"322\" src=\"https:\/\/videoparking.barcelona\/wp-content\/uploads\/2016\/04\/limitacion_mandos_garajes.png\" class=\"attachment-full\" alt=\"\" loading=\"lazy\" title=\"limitacion_mandos_garajes\" srcset=\"https:\/\/videoparking.barcelona\/wp-content\/uploads\/2016\/04\/limitacion_mandos_garajes.png 329w, https:\/\/videoparking.barcelona\/wp-content\/uploads\/2016\/04\/limitacion_mandos_garajes-300x294.png 300w\" sizes=\"(max-width: 329px) 100vw, 329px\" \/><\/div>[\/vc_column][vc_column column_padding=&#8221;padding-5&#8243; column_center=&#8221;true&#8221; width=&#8221;1\/2&#8243;][vc_column_text]<\/p>\n<h2>Limitaci\u00f3 de comandaments per pla\u00e7a<\/h2>\n<p>El portal de gesti\u00f3 de VIDEOparking permet establir un l\u00edmit de comandaments actius per pla\u00e7a. Es recomana que aquesta limitaci\u00f3 sigui de 2 comandaments o com m\u00e0xim 3. Aquest l\u00edmit implica que quan un propietari sol\u00b7licita un comandament nou, abans ha de sol\u00b7licitar l\u2019anul\u00b7laci\u00f3 d\u2019un anterior.<\/p>\n<ul>\n<li>Comandament que ha perdut o que li han robat.<\/li>\n<li>Comandament que no li ha tornat un antic arrendatari.<\/li>\n<\/ul>\n<p>[\/vc_column_text][\/vc_column][\/vc_row][vc_row bg_color=&#8221;#f5f6f8&#8243; top_padding=&#8221;40&#8243; bottom_padding=&#8221;40&#8243;][vc_column column_center=&#8221;true&#8221; width=&#8221;1\/2&#8243;][vc_column_text]<\/p>\n<h2>Per a portes de vehicles i per a vianants<\/h2>\n<p>Oblida\u2019t de les claus de les portes per als vianants del teu garatge. Ara pots <strong>obrir les portes<\/strong> de vehicles i les de vianants, indistintament, amb el comandament MIO.[\/vc_column_text][\/vc_column][vc_column column_center=&#8221;true&#8221; width=&#8221;1\/2&#8243;]<div class=\"single_image wpb_content_element align-center  animate   \" data-animation=\"fade-in-from-right\" data-delay=\"0\"><img width=\"517\" height=\"394\" src=\"https:\/\/videoparking.barcelona\/wp-content\/uploads\/2016\/04\/mando_mio_incopiable.png\" class=\"attachment-full\" alt=\"\" loading=\"lazy\" title=\"mando_mio_incopiable\" srcset=\"https:\/\/videoparking.barcelona\/wp-content\/uploads\/2016\/04\/mando_mio_incopiable.png 517w, https:\/\/videoparking.barcelona\/wp-content\/uploads\/2016\/04\/mando_mio_incopiable-300x229.png 300w\" sizes=\"(max-width: 517px) 100vw, 517px\" \/><\/div>[vc_column_text]<a name=\"smartphone\"><\/a>[\/vc_column_text][\/vc_column][\/vc_row][vc_row type=&#8221;full_width_section&#8221; bg_color=&#8221;#0174c5&#8243; text_color=&#8221;light&#8221; text_align=&#8221;center&#8221; top_padding=&#8221;10&#8243; bottom_padding=&#8221;10&#8243;][vc_column width=&#8221;1\/1&#8243;][vc_column_text el_id=&#8221;v-integra&#8221;]<\/p>\n<h3>Descobreix la seguretat m\u00e9s completa amb <a href=\"\/videoparking-integracion\/\">VIDEOparking INTEGRACI\u00d3<\/a><\/h3>\n<p>[\/vc_column_text][\/vc_column][\/vc_row]<\/p>\n","protected":false},"excerpt":{"rendered":"<p>[vc_row content_placement=&#8221;bottom&#8221; bg_color=&#8221;#f5f6f8&#8243; top_padding=&#8221;0&#8243; bottom_padding=&#8221;0&#8243;][vc_column column_padding=&#8221;padding-5&#8243; column_center=&#8221;true&#8221; width=&#8221;1\/2&#8243;][vc_column_text] Comandament MIO Acaba amb el descontrol de comandaments i claus en el teu garatge, accedeix amb comandaments de seguretat MIO. [\/vc_column_text][\/vc_column][vc_column width=&#8221;1\/2&#8243; el_class=&#8221;fullwidthimages&#8221;][\/vc_column][\/vc_row][vc_row bg_color=&#8221;#0174c5&#8243; text_color=&#8221;light&#8221; top_padding=&#8221;10&#8243; bottom_padding=&#8221;10&#8243;][vc_column width=&#8221;1\/1&#8243;][vc_column_text] MIO i SEGURphone: com tu decideixis, com tu prefereixis [\/vc_column_text][\/vc_column][\/vc_row][vc_row bg_color=&#8221;#d2d2d5&#8243; top_padding=&#8221;60&#8243; bottom_padding=&#8221;60&#8243;][vc_column column_center=&#8221;true&#8221; width=&#8221;1\/2&#8243;][\/vc_column][vc_column column_center=&#8221;true&#8221; width=&#8221;1\/2&#8243;][vc_column_text] Comandaments de seguretat MIO Els comandaments MIO acaben, de forma definitiva, amb la desorganitzaci\u00f3 i inseguretat que suposen els comandaments convencionals, per p\u00e8rdues, robatoris, comandaments en poder d\u2019antics arrendataris i duplicats sense cap control. Quins avantatges m\u2019ofereix MIO? Personalitzat Incopiable. Gestionat per internet Limitaci\u00f3 de comandaments per pla\u00e7a Per a portes de vehicles i per a vianants [\/vc_column_text][\/vc_column][\/vc_row][vc_row bg_color=&#8221;#f5f6f8&#8243; top_padding=&#8221;60&#8243; bottom_padding=&#8221;60&#8243;][vc_column width=&#8221;1\/1&#8243;][vc_column_text] Personalitzat Els comandaments MIO estan identificats amb el n\u00ba de pla\u00e7a, el nom del propietari i un codi d\u2019identificaci\u00f3 \u00fanic. Els comandaments MIO nom\u00e9s s\u2019entreguen als propietaris de les places, seguint els criteris que s\u2019hagin establert amb La Comunitat. T\u2019imagines que les teves targetes de cr\u00e8dit fossin totalment an\u00f2nimes i no incorporessin les teves dades? [\/vc_column_text][\/vc_column][\/vc_row][vc_row bg_color=&#8221;#ffffff&#8221; top_padding=&#8221;60&#8243; bottom_padding=&#8221;60&#8243;][vc_column column_center=&#8221;true&#8221; width=&#8221;1\/2&#8243;][\/vc_column][vc_column column_padding=&#8221;padding-5&#8243; column_center=&#8221;true&#8221; width=&#8221;1\/2&#8243;][vc_column_text] Incopiable El comandament MIO \u00e9s absolutament incopiable. \u00danicament VIDEOparking podr\u00e0 activar-lo a trav\u00e9s del seu portal de gesti\u00f3 de garatges. Qualsevol [&hellip;]<\/p>\n","protected":false},"author":1,"featured_media":0,"parent":1080,"menu_order":0,"comment_status":"closed","ping_status":"closed","template":"","meta":[],"aioseo_notices":[],"_links":{"self":[{"href":"https:\/\/videoparking.barcelona\/ca\/wp-json\/wp\/v2\/pages\/1111"}],"collection":[{"href":"https:\/\/videoparking.barcelona\/ca\/wp-json\/wp\/v2\/pages"}],"about":[{"href":"https:\/\/videoparking.barcelona\/ca\/wp-json\/wp\/v2\/types\/page"}],"author":[{"embeddable":true,"href":"https:\/\/videoparking.barcelona\/ca\/wp-json\/wp\/v2\/users\/1"}],"replies":[{"embeddable":true,"href":"https:\/\/videoparking.barcelona\/ca\/wp-json\/wp\/v2\/comments?post=1111"}],"version-history":[{"count":5,"href":"https:\/\/videoparking.barcelona\/ca\/wp-json\/wp\/v2\/pages\/1111\/revisions"}],"predecessor-version":[{"id":1185,"href":"https:\/\/videoparking.barcelona\/ca\/wp-json\/wp\/v2\/pages\/1111\/revisions\/1185"}],"up":[{"embeddable":true,"href":"https:\/\/videoparking.barcelona\/ca\/wp-json\/wp\/v2\/pages\/1080"}],"wp:attachment":[{"href":"https:\/\/videoparking.barcelona\/ca\/wp-json\/wp\/v2\/media?parent=1111"}],"curies":[{"name":"wp","href":"https:\/\/api.w.org\/{rel}","templated":true}]}}