{"id":1115,"date":"2016-04-18T15:18:45","date_gmt":"2016-04-18T13:18:45","guid":{"rendered":"https:\/\/videoparking.barcelona\/politica-de-cookies\/"},"modified":"2024-07-22T11:46:35","modified_gmt":"2024-07-22T09:46:35","slug":"politica-de-cookies","status":"publish","type":"page","link":"https:\/\/videoparking.barcelona\/ca\/politica-de-cookies\/","title":{"rendered":"Pol\u00edtica de cookies"},"content":{"rendered":"<h1>Pol\u00edtica de cookies<\/h1>\n<h4>1. \u00das de cookies en el Lloc web<\/h4>\n<p>Aquest Lloc web utilitza cookies pr\u00f2pies i de tercers amb la finalitat de millorar els serveis prestats a trav\u00e9s del mateix tractant les dades necess\u00e0ries per a aix\u00f2.<\/p>\n<h4>2. Qu\u00e8 \u00e9s una cookie?<\/h4>\n<p>Aquest lloc web utilitza cookies i\/o tecnologies similars que emmagatzemen i recuperen informaci\u00f3 quan navegues. En general, aquestes tecnologies poden servir per a finalitats molt diverses, com, per exemple, recon\u00e8ixer-te com a usuari, obtenir informaci\u00f3 sobre els teus h\u00e0bits de navegaci\u00f3, o personalitzar la forma en qu\u00e8 es mostra el contingut. Els usos concrets que fem d\u2019aquestes tecnologies es descriuen a continuaci\u00f3.<\/p>\n<h4>3. Quines cookies utilitza aquest Lloc web i qui les utilitza?<strong><\/strong><\/h4>\n<table class=\"cookielawinfo-row-cat-table cookielawinfo-classic\"><thead><tr><th class=\"cookielawinfo-column-1\">Galeta<\/th><th class=\"cookielawinfo-column-2\">Tipus<\/th><th class=\"cookielawinfo-column-3\">Durada<\/th><th class=\"cookielawinfo-column-4\">Descripci\u00f3<\/th><\/tr><\/thead><tbody><tr class=\"cookielawinfo-row\"><td class=\"cookielawinfo-column-1\">CONSENT<\/td><td class=\"cookielawinfo-column-2\"><\/td><td class=\"cookielawinfo-column-3\">2 anys<\/td><td class=\"cookielawinfo-column-4\">YouTube estableix aquesta cookie a trav\u00e9s de v\u00eddeos de YouTube incrustats i registra dades estad\u00edstiques an\u00f2nimes.<\/td><\/tr><tr class=\"cookielawinfo-row\"><td class=\"cookielawinfo-column-1\">cookielawinfo-checkbox-advertisement<\/td><td class=\"cookielawinfo-column-2\"><\/td><td class=\"cookielawinfo-column-3\">1 any<\/td><td class=\"cookielawinfo-column-4\">Establida pel complement de consentiment de galetes GDPR, aquesta galeta s'utilitza per registrar el consentiment de l'usuari per a les galetes a la categoria \"Publicitat\".<\/td><\/tr><tr class=\"cookielawinfo-row\"><td class=\"cookielawinfo-column-1\">cookielawinfo-checkbox-analytics<\/td><td class=\"cookielawinfo-column-2\">0<\/td><td class=\"cookielawinfo-column-3\">11 mesos<\/td><td class=\"cookielawinfo-column-4\">Aquesta galeta l'estableix el connector de consentiment de galetes de GDPR. La cookie s'utilitza per emmagatzemar el consentiment de l'usuari per a les cookies de la categoria \"Anal\u00edtica\".<\/td><\/tr><tr class=\"cookielawinfo-row\"><td class=\"cookielawinfo-column-1\">cookielawinfo-checkbox-functional<\/td><td class=\"cookielawinfo-column-2\">0<\/td><td class=\"cookielawinfo-column-3\">11 mesos<\/td><td class=\"cookielawinfo-column-4\">La cookie s'estableix pel consentiment de la cookie del GDPR per registrar el consentiment de l'usuari per a les cookies a la categoria \"Funcionals\".<\/td><\/tr><tr class=\"cookielawinfo-row\"><td class=\"cookielawinfo-column-1\">cookielawinfo-checkbox-necessary<\/td><td class=\"cookielawinfo-column-2\">0<\/td><td class=\"cookielawinfo-column-3\">11 mesos<\/td><td class=\"cookielawinfo-column-4\">Aquesta galeta l'estableix el connector de consentiment de galetes de GDPR. Les cookies s'utilitzen per emmagatzemar el consentiment de l'usuari per a les cookies de la categoria \"Necess\u00e0ries\".<\/td><\/tr><tr class=\"cookielawinfo-row\"><td class=\"cookielawinfo-column-1\">cookielawinfo-checkbox-others<\/td><td class=\"cookielawinfo-column-2\">0<\/td><td class=\"cookielawinfo-column-3\">11 mesos<\/td><td class=\"cookielawinfo-column-4\">Aquesta galeta l'estableix el connector de consentiment de galetes de GDPR. La cookie s'utilitza per emmagatzemar el consentiment de l'usuari per a les cookies de la categoria \"Altres.<\/td><\/tr><tr class=\"cookielawinfo-row\"><td class=\"cookielawinfo-column-1\">cookielawinfo-checkbox-performance<\/td><td class=\"cookielawinfo-column-2\">0<\/td><td class=\"cookielawinfo-column-3\">11 mesos<\/td><td class=\"cookielawinfo-column-4\">Aquesta galeta l'estableix el connector de consentiment de galetes de GDPR. La cookie s'utilitza per emmagatzemar el consentiment de l'usuari per a les cookies de la categoria \"Rendiment\".<\/td><\/tr><tr class=\"cookielawinfo-row\"><td class=\"cookielawinfo-column-1\">CookieLawInfoConsent<\/td><td class=\"cookielawinfo-column-2\"><\/td><td class=\"cookielawinfo-column-3\">1 any<\/td><td class=\"cookielawinfo-column-4\">Registra l'estat del bot\u00f3 per defecte de la categoria corresponent i l'estat de CCPA. Funciona nom\u00e9s en coordinaci\u00f3 amb la galeta principal.<\/td><\/tr><tr class=\"cookielawinfo-row\"><td class=\"cookielawinfo-column-1\">qtrans_front_language<\/td><td class=\"cookielawinfo-column-2\"><\/td><td class=\"cookielawinfo-column-3\">1 any<\/td><td class=\"cookielawinfo-column-4\">Aquesta galeta l'estableix el connector qTranslate de WordPress. La cookie s'utilitza per gestionar l'idioma preferit del visitant.<\/td><\/tr><tr class=\"cookielawinfo-row\"><td class=\"cookielawinfo-column-1\">viewed_cookie_policy<\/td><td class=\"cookielawinfo-column-2\">0<\/td><td class=\"cookielawinfo-column-3\">11 mesos<\/td><td class=\"cookielawinfo-column-4\">La galeta la configura el connector de consentiment de galetes GDPR i s'utilitza per emmagatzemar si l'usuari ha consentit o no l'\u00fas de galetes. No emmagatzema cap dada personal.<\/td><\/tr><tr class=\"cookielawinfo-row\"><td class=\"cookielawinfo-column-1\">VISITOR_INFO1_LIVE<\/td><td class=\"cookielawinfo-column-2\"><\/td><td class=\"cookielawinfo-column-3\">5 mesos 27 dies<\/td><td class=\"cookielawinfo-column-4\">Una galeta configurada per YouTube per mesurar l'amplada de banda que determina si l'usuari obt\u00e9 la interf\u00edcie de reproductor nova o antiga.<\/td><\/tr><tr class=\"cookielawinfo-row\"><td class=\"cookielawinfo-column-1\">YSC<\/td><td class=\"cookielawinfo-column-2\"><\/td><td class=\"cookielawinfo-column-3\">sessi\u00f3<\/td><td class=\"cookielawinfo-column-4\">Youtube configura la galeta YSC i s'utilitza per rastrejar les vistes de v\u00eddeos incrustats a les p\u00e0gines de Youtube.<\/td><\/tr><tr class=\"cookielawinfo-row\"><td class=\"cookielawinfo-column-1\">yt-remote-connected-devices<\/td><td class=\"cookielawinfo-column-2\"><\/td><td class=\"cookielawinfo-column-3\">mai<\/td><td class=\"cookielawinfo-column-4\">YouTube configura aquesta galeta per emmagatzemar les prefer\u00e8ncies de v\u00eddeo de l'usuari que utilitza v\u00eddeos de YouTube incrustats.<\/td><\/tr><tr class=\"cookielawinfo-row\"><td class=\"cookielawinfo-column-1\">yt-remote-device-id<\/td><td class=\"cookielawinfo-column-2\"><\/td><td class=\"cookielawinfo-column-3\">mai<\/td><td class=\"cookielawinfo-column-4\">YouTube configura aquesta galeta per emmagatzemar les prefer\u00e8ncies de v\u00eddeo de l'usuari que utilitza v\u00eddeos de YouTube incrustats.<\/td><\/tr><tr class=\"cookielawinfo-row\"><td class=\"cookielawinfo-column-1\">yt.innertube::nextId<\/td><td class=\"cookielawinfo-column-2\"><\/td><td class=\"cookielawinfo-column-3\">mai<\/td><td class=\"cookielawinfo-column-4\">Aquesta galeta, configurada per YouTube, registra una identificaci\u00f3 \u00fanica per emmagatzemar dades sobre quins v\u00eddeos de YouTube ha vist l'usuari.<\/td><\/tr><tr class=\"cookielawinfo-row\"><td class=\"cookielawinfo-column-1\">yt.innertube::requests<\/td><td class=\"cookielawinfo-column-2\"><\/td><td class=\"cookielawinfo-column-3\">mai<\/td><td class=\"cookielawinfo-column-4\">Aquesta galeta, configurada per YouTube, registra una identificaci\u00f3 \u00fanica per emmagatzemar dades sobre quins v\u00eddeos de YouTube ha vist l'usuari.<\/td><\/tr><tr class=\"cookielawinfo-row\"><td class=\"cookielawinfo-column-1\">_ga<\/td><td class=\"cookielawinfo-column-2\"><\/td><td class=\"cookielawinfo-column-3\">2 anys<\/td><td class=\"cookielawinfo-column-4\">La galeta _ga, instal\u00b7lada per Google Analytics, calcula les dades de visitants, sessions i campanyes i tamb\u00e9 fa un seguiment de l'\u00fas del lloc per a l'informe anal\u00edtic del lloc. La galeta emmagatzema informaci\u00f3 de forma an\u00f2nima i assigna un n\u00famero generat aleat\u00f2riament per recon\u00e8ixer visitants \u00fanics.<\/td><\/tr><tr class=\"cookielawinfo-row\"><td class=\"cookielawinfo-column-1\">_gat_gtag_UA_91606568_1<\/td><td class=\"cookielawinfo-column-2\"><\/td><td class=\"cookielawinfo-column-3\">1 minut<\/td><td class=\"cookielawinfo-column-4\">Establert per Google per a distingir als usuaris.<\/td><\/tr><tr class=\"cookielawinfo-row\"><td class=\"cookielawinfo-column-1\">_gid<\/td><td class=\"cookielawinfo-column-2\"><\/td><td class=\"cookielawinfo-column-3\">1 dia<\/td><td class=\"cookielawinfo-column-4\">Instal\u00b7lada per Google *Analytics, la *cookie _*gid emmagatzema informaci\u00f3 sobre com els visitants usen un lloc web, al mateix temps que crea un informe anal\u00edtic del rendiment del lloc web. Alguns de les dades que es recopilen inclouen el nombre de visitants, la seva font i les p\u00e0gines que visiten de manera an\u00f2nima.<\/td><\/tr><tr class=\"cookielawinfo-row\"><td class=\"cookielawinfo-column-1\">_GRECAPTCHA<\/td><td class=\"cookielawinfo-column-2\"><\/td><td class=\"cookielawinfo-column-3\">5 mesos 27 dies<\/td><td class=\"cookielawinfo-column-4\">El servei recaptcha de Google estableix aquesta galeta per identificar bots i protegir el lloc web contra atacs de correu brossa maliciosos.<\/td><\/tr><\/tbody><\/table>\n<h4>4. Com puc bloquejar o eliminar les cookies que utilitza aquest lloc web?<\/h4>\n<p>L\u2019Usuari pot permetre, bloquejar o eliminar les cookies per mitj\u00e0 del panell de configuraci\u00f3 posat a la seva disposici\u00f3. A m\u00e9s, ha de tenir en compte que, si accepta les cookies de tercers, pot eliminar-les des de les opcions del seu navegador o des del sistema ofert pel propi tercer.<\/p>\n<p>El fet de bloquejar la instal\u00b7laci\u00f3 de les cookies no impedeix l\u2019efectiva utilitzaci\u00f3 del Lloc web per part de l\u2019Usuari.<\/p>\n<p>Pot informar-se de les transfer\u00e8ncies a tercers pa\u00efsos que, en el seu cas, realitzen els tercers identificats en el quadre anterior en els seus corresponents pol\u00edtiques (veure enlla\u00e7os facilitats en el panell de configuraci\u00f3 sobre els tercers que gestionen cookies).<\/p>\n<p>En el cas que es faci \u00fas de cookies que siguin de tercers situats fora de l\u2019Espai Econ\u00f2mic Europeu resultar\u00e0 necessari que en el panell de configuraci\u00f3 del punt 3 d\u2019aquest document s\u2019habiliti un enlla\u00e7 directe a la Pol\u00edtica de privacitat d\u2019aquests tercers.<\/p>\n","protected":false},"excerpt":{"rendered":"<p>Pol\u00edtica de cookies 1. \u00das de cookies en el Lloc web Aquest Lloc web utilitza cookies pr\u00f2pies i de tercers amb la finalitat de millorar els serveis prestats a trav\u00e9s del mateix tractant les dades necess\u00e0ries per a aix\u00f2. 2. Qu\u00e8 \u00e9s una cookie? Aquest lloc web utilitza cookies i\/o tecnologies similars que emmagatzemen i recuperen informaci\u00f3 quan navegues. En general, aquestes tecnologies poden servir per a finalitats molt diverses, com, per exemple, recon\u00e8ixer-te com a usuari, obtenir informaci\u00f3 sobre els teus h\u00e0bits de navegaci\u00f3, o personalitzar la forma en qu\u00e8 es mostra el contingut. Els usos concrets que fem d\u2019aquestes tecnologies es descriuen a continuaci\u00f3. 3. Quines cookies utilitza aquest Lloc web i qui les utilitza? 4. Com puc bloquejar o eliminar les cookies que utilitza aquest lloc web? L\u2019Usuari pot permetre, bloquejar o eliminar les cookies per mitj\u00e0 del panell de configuraci\u00f3 posat a la seva disposici\u00f3. A m\u00e9s, ha de tenir en compte que, si accepta les cookies de tercers, pot eliminar-les des de les opcions del seu navegador o des del sistema ofert pel propi tercer. El fet de bloquejar la instal\u00b7laci\u00f3 de les cookies no impedeix l\u2019efectiva utilitzaci\u00f3 del Lloc web per part de l\u2019Usuari. [&hellip;]<\/p>\n","protected":false},"author":1,"featured_media":0,"parent":0,"menu_order":8,"comment_status":"closed","ping_status":"closed","template":"","meta":[],"aioseo_notices":[],"_links":{"self":[{"href":"https:\/\/videoparking.barcelona\/ca\/wp-json\/wp\/v2\/pages\/1115"}],"collection":[{"href":"https:\/\/videoparking.barcelona\/ca\/wp-json\/wp\/v2\/pages"}],"about":[{"href":"https:\/\/videoparking.barcelona\/ca\/wp-json\/wp\/v2\/types\/page"}],"author":[{"embeddable":true,"href":"https:\/\/videoparking.barcelona\/ca\/wp-json\/wp\/v2\/users\/1"}],"replies":[{"embeddable":true,"href":"https:\/\/videoparking.barcelona\/ca\/wp-json\/wp\/v2\/comments?post=1115"}],"version-history":[{"count":1,"href":"https:\/\/videoparking.barcelona\/ca\/wp-json\/wp\/v2\/pages\/1115\/revisions"}],"predecessor-version":[{"id":1203,"href":"https:\/\/videoparking.barcelona\/ca\/wp-json\/wp\/v2\/pages\/1115\/revisions\/1203"}],"wp:attachment":[{"href":"https:\/\/videoparking.barcelona\/ca\/wp-json\/wp\/v2\/media?parent=1115"}],"curies":[{"name":"wp","href":"https:\/\/api.w.org\/{rel}","templated":true}]}}